{"id":4274,"date":"2024-11-29T06:31:12","date_gmt":"2024-11-29T06:31:12","guid":{"rendered":"https:\/\/dreamglass.co\/ueber-uns\/unser-labor\/"},"modified":"2025-11-16T05:55:43","modified_gmt":"2025-11-16T05:55:43","slug":"unser-labor","status":"publish","type":"page","link":"https:\/\/dreamglass.co\/de\/ueber-uns\/unser-labor\/","title":{"rendered":"Unser Labor"},"content":{"rendered":"\t\t<div data-elementor-type=\"wp-page\" data-elementor-id=\"4274\" class=\"elementor elementor-4274 elementor-570\" data-elementor-post-type=\"page\">\n\t\t\t\t<div data-particle_enable=\"false\" data-particle-mobile-disabled=\"false\" class=\"elementor-element elementor-element-3f25418 e-con-full e-flex e-con e-parent\" data-id=\"3f25418\" data-element_type=\"container\" data-settings=\"{&quot;background_background&quot;:&quot;classic&quot;}\">\n\t\t<div data-particle_enable=\"false\" data-particle-mobile-disabled=\"false\" class=\"elementor-element elementor-element-17af06a e-con-full e-flex e-con e-child\" data-id=\"17af06a\" data-element_type=\"container\">\n\t\t\t\t<div class=\"elementor-element elementor-element-8e6b67d elementor-widget elementor-widget-heading\" data-id=\"8e6b67d\" data-element_type=\"widget\" data-widget_type=\"heading.default\">\n\t\t\t\t<div class=\"elementor-widget-container\">\n\t\t\t\t\t<h1 class=\"elementor-heading-title elementor-size-default\">UNSER LABOR<\/h1>\t\t\t\t<\/div>\n\t\t\t\t<\/div>\n\t\t\t\t<div class=\"elementor-element elementor-element-17e120c elementor-widget elementor-widget-text-editor\" data-id=\"17e120c\" data-element_type=\"widget\" data-widget_type=\"text-editor.default\">\n\t\t\t\t<div class=\"elementor-widget-container\">\n\t\t\t\t\t\t\t\t\t<p>Mit unserem eigenen Labor sind die Produkte der Dream Glass Group mit der neuesten und besten Technologie f\u00fcr Sichtschutzglas ausgestattet und werden nach den h\u00f6chsten Qualit\u00e4tsstandards getestet.<\/p>\t\t\t\t\t\t\t\t<\/div>\n\t\t\t\t<\/div>\n\t\t\t\t<\/div>\n\t\t\t\t<\/div>\n\t\t<div data-particle_enable=\"false\" data-particle-mobile-disabled=\"false\" class=\"elementor-element elementor-element-9e33033 e-con-full e-flex e-con e-parent\" data-id=\"9e33033\" data-element_type=\"container\">\n\t\t<div data-particle_enable=\"false\" data-particle-mobile-disabled=\"false\" class=\"elementor-element elementor-element-d6a6053 e-con-full e-flex e-con e-child\" data-id=\"d6a6053\" data-element_type=\"container\" data-settings=\"{&quot;background_background&quot;:&quot;classic&quot;}\">\n\t\t<div data-particle_enable=\"false\" data-particle-mobile-disabled=\"false\" class=\"elementor-element elementor-element-52f3c43 e-con-full e-flex e-con e-child\" data-id=\"52f3c43\" data-element_type=\"container\">\n\t\t\t\t<div class=\"elementor-element elementor-element-1c85cd3 elementor-widget elementor-widget-heading\" data-id=\"1c85cd3\" data-element_type=\"widget\" data-widget_type=\"heading.default\">\n\t\t\t\t<div class=\"elementor-widget-container\">\n\t\t\t\t\t<h4 class=\"elementor-heading-title elementor-size-default\">Warum ein eigenes Labor?<\/h4>\t\t\t\t<\/div>\n\t\t\t\t<\/div>\n\t\t\t\t<div class=\"elementor-element elementor-element-d87c030 elementor-widget elementor-widget-text-editor\" data-id=\"d87c030\" data-element_type=\"widget\" data-widget_type=\"text-editor.default\">\n\t\t\t\t<div class=\"elementor-widget-container\">\n\t\t\t\t\t\t\t\t\t<p>Unser eigenes Labor macht uns in unserer Branche einzigartig. Es erm\u00f6glicht uns, die gesamte Produktion und Qualit\u00e4t unserer Produkte zu kontrollieren, von der ersten Technologie bis zur Auslieferung des Glases. Als Hersteller und Vertreiber unseres Produkts garantieren wir seine Qualit\u00e4t und die Zufriedenheit unserer Kunden. <\/p>\t\t\t\t\t\t\t\t<\/div>\n\t\t\t\t<\/div>\n\t\t\t\t<\/div>\n\t\t\t\t<\/div>\n\t\t<div data-particle_enable=\"false\" data-particle-mobile-disabled=\"false\" class=\"elementor-element elementor-element-ea8ba4f e-con-full e-flex e-con e-child\" data-id=\"ea8ba4f\" data-element_type=\"container\" data-settings=\"{&quot;background_background&quot;:&quot;classic&quot;}\">\n\t\t<div data-particle_enable=\"false\" data-particle-mobile-disabled=\"false\" class=\"elementor-element elementor-element-44bc844 e-con-full e-flex e-con e-child\" data-id=\"44bc844\" data-element_type=\"container\">\n\t\t\t\t<div class=\"elementor-element elementor-element-07532ec elementor-widget elementor-widget-heading\" data-id=\"07532ec\" data-element_type=\"widget\" data-widget_type=\"heading.default\">\n\t\t\t\t<div class=\"elementor-widget-container\">\n\t\t\t\t\t<h4 class=\"elementor-heading-title elementor-size-default\">Unser Produkt verstehen<\/h4>\t\t\t\t<\/div>\n\t\t\t\t<\/div>\n\t\t\t\t<div class=\"elementor-element elementor-element-d88f30d elementor-widget elementor-widget-text-editor\" data-id=\"d88f30d\" data-element_type=\"widget\" data-widget_type=\"text-editor.default\">\n\t\t\t\t<div class=\"elementor-widget-container\">\n\t\t\t\t\t\t\t\t\t<p>Die meisten Unternehmen f\u00fcr intelligentes Glas verkaufen einfach Produkte, die sie von einem anderen Hersteller kaufen. Bei der Dream Glass Group kennen wir uns besser mit der Wissenschaft aus, die hinter der Entwicklung intelligenter Glastechnologie steht. Wir stellen unsere eigene PDLC-Folie her und kontrollieren die Eigenschaften des Produkts (Transparenz, Opazit\u00e4t, Tr\u00fcbung, Schaltgeschwindigkeiten, Haftfestigkeit und mehr&#8230;).  <\/p>\t\t\t\t\t\t\t\t<\/div>\n\t\t\t\t<\/div>\n\t\t\t\t<\/div>\n\t\t\t\t<\/div>\n\t\t\t\t<\/div>\n\t\t<div data-particle_enable=\"false\" data-particle-mobile-disabled=\"false\" class=\"elementor-element elementor-element-beb56c1 e-con-full e-flex e-con e-parent\" data-id=\"beb56c1\" data-element_type=\"container\">\n\t\t<div data-particle_enable=\"false\" data-particle-mobile-disabled=\"false\" class=\"elementor-element elementor-element-816fea0 e-con-full e-flex e-con e-child\" data-id=\"816fea0\" data-element_type=\"container\" data-settings=\"{&quot;background_background&quot;:&quot;classic&quot;}\">\n\t\t<div data-particle_enable=\"false\" data-particle-mobile-disabled=\"false\" class=\"elementor-element elementor-element-8e668f6 e-con-full e-flex e-con e-child\" data-id=\"8e668f6\" data-element_type=\"container\">\n\t\t\t\t<div class=\"elementor-element elementor-element-27bd065 elementor-widget elementor-widget-heading\" data-id=\"27bd065\" data-element_type=\"widget\" data-widget_type=\"heading.default\">\n\t\t\t\t<div class=\"elementor-widget-container\">\n\t\t\t\t\t<h4 class=\"elementor-heading-title elementor-size-default\">Die Zukunft im Visier<\/h4>\t\t\t\t<\/div>\n\t\t\t\t<\/div>\n\t\t\t\t<div class=\"elementor-element elementor-element-f4b27ab elementor-widget elementor-widget-text-editor\" data-id=\"f4b27ab\" data-element_type=\"widget\" data-widget_type=\"text-editor.default\">\n\t\t\t\t<div class=\"elementor-widget-container\">\n\t\t\t\t\t\t\t\t\t<p>Mit unserem eigenen Labor k\u00f6nnen wir nicht nur jeden Aspekt der Glasherstellung bis hin zur Installation kontrollieren, sondern auch an der Entwicklung neuer Technologien arbeiten. Durch unser F&amp;E-Labor konnte DGG neue, innovative Produkte auf den Markt der intelligenten Glastechnologie bringen. <\/p>\t\t\t\t\t\t\t\t<\/div>\n\t\t\t\t<\/div>\n\t\t\t\t<\/div>\n\t\t\t\t<\/div>\n\t\t<div data-particle_enable=\"false\" data-particle-mobile-disabled=\"false\" class=\"elementor-element elementor-element-0d804db e-con-full e-flex e-con e-child\" data-id=\"0d804db\" data-element_type=\"container\" data-settings=\"{&quot;background_background&quot;:&quot;classic&quot;}\">\n\t\t<div data-particle_enable=\"false\" data-particle-mobile-disabled=\"false\" class=\"elementor-element elementor-element-9d435ac e-con-full e-flex e-con e-child\" data-id=\"9d435ac\" data-element_type=\"container\">\n\t\t\t\t<div class=\"elementor-element elementor-element-1903b11 elementor-widget elementor-widget-heading\" data-id=\"1903b11\" data-element_type=\"widget\" data-widget_type=\"heading.default\">\n\t\t\t\t<div class=\"elementor-widget-container\">\n\t\t\t\t\t<h4 class=\"elementor-heading-title elementor-size-default\">Gew\u00e4hrleistung der Sicherheit<\/h4>\t\t\t\t<\/div>\n\t\t\t\t<\/div>\n\t\t\t\t<div class=\"elementor-element elementor-element-7fcadff elementor-widget elementor-widget-text-editor\" data-id=\"7fcadff\" data-element_type=\"widget\" data-widget_type=\"text-editor.default\">\n\t\t\t\t<div class=\"elementor-widget-container\">\n\t\t\t\t\t\t\t\t\t<p>DreamGlass\u00ae Produkte werden unter den h\u00f6chsten Qualit\u00e4tsstandards getestet, so dass Sie sicher sein k\u00f6nnen, dass Sie das absolut beste Produkt erhalten, das es gibt. Und Sie k\u00f6nnen sicher sein, dass Ihr Glas f\u00fcr viele Jahre sicher und haltbar ist. <\/p>\t\t\t\t\t\t\t\t<\/div>\n\t\t\t\t<\/div>\n\t\t\t\t<\/div>\n\t\t\t\t<\/div>\n\t\t\t\t<\/div>\n\t\t<div data-particle_enable=\"false\" data-particle-mobile-disabled=\"false\" class=\"elementor-element elementor-element-52c94b9 e-con-full e-flex e-con e-parent\" data-id=\"52c94b9\" data-element_type=\"container\">\n\t\t<div data-particle_enable=\"false\" data-particle-mobile-disabled=\"false\" class=\"elementor-element elementor-element-30accff e-con-full e-flex e-con e-child\" data-id=\"30accff\" data-element_type=\"container\" data-settings=\"{&quot;background_background&quot;:&quot;classic&quot;}\">\n\t\t<div data-particle_enable=\"false\" data-particle-mobile-disabled=\"false\" class=\"elementor-element elementor-element-b61555a e-con-full e-flex e-con e-child\" data-id=\"b61555a\" data-element_type=\"container\">\n\t\t\t\t<div class=\"elementor-element elementor-element-48e9819 elementor-widget elementor-widget-heading\" data-id=\"48e9819\" data-element_type=\"widget\" data-widget_type=\"heading.default\">\n\t\t\t\t<div class=\"elementor-widget-container\">\n\t\t\t\t\t<h4 class=\"elementor-heading-title elementor-size-default\">Neue Technologien f\u00fcr intelligente Fenster erforschen<\/h4>\t\t\t\t<\/div>\n\t\t\t\t<\/div>\n\t\t\t\t<div class=\"elementor-element elementor-element-6de0352 elementor-widget elementor-widget-text-editor\" data-id=\"6de0352\" data-element_type=\"widget\" data-widget_type=\"text-editor.default\">\n\t\t\t\t<div class=\"elementor-widget-container\">\n\t\t\t\t\t\t\t\t\t<p>Die Muttergesellschaft der DGG, Intercomet, erforscht neue intelligente Fenstertechnologien, darunter auch solche, die auf neuen fortschrittlichen &#8222;plasmochromen&#8220; Nanomaterialien basieren, die auch eine selektive Steuerung der Strahlungstransmission im sichtbaren und infraroten Bereich erm\u00f6glichen w\u00fcrden. Dieses Projekt sieht in Verbindung mit den M\u00f6glichkeiten des Technologiezentrums LEITAT die Realisierung von &#8222;plasmochromen&#8220; Modulen mit geeigneten Eigenschaften vor [&#8230;] <\/p>\t\t\t\t\t\t\t\t<\/div>\n\t\t\t\t<\/div>\n\t\t\t\t<\/div>\n\t\t\t\t<\/div>\n\t\t<div data-particle_enable=\"false\" data-particle-mobile-disabled=\"false\" class=\"elementor-element elementor-element-a1c12f0 e-con-full e-flex e-con e-child\" data-id=\"a1c12f0\" data-element_type=\"container\">\n\t\t\t\t<\/div>\n\t\t\t\t<\/div>\n\t\t<div data-particle_enable=\"false\" data-particle-mobile-disabled=\"false\" class=\"elementor-element elementor-element-f41b390 e-con-full e-flex e-con e-parent\" data-id=\"f41b390\" data-element_type=\"container\">\n\t\t\t\t<div class=\"elementor-element elementor-element-d6e566b elementor-widget elementor-widget-shortcode\" data-id=\"d6e566b\" data-element_type=\"widget\" data-widget_type=\"shortcode.default\">\n\t\t\t\t<div class=\"elementor-widget-container\">\n\t\t\t\t\t\t\t<div class=\"elementor-shortcode\">\t\t<div data-elementor-type=\"section\" data-elementor-id=\"5106\" class=\"elementor elementor-5106 elementor-266\" data-elementor-post-type=\"elementor_library\">\n\t\t\t<div data-particle_enable=\"false\" data-particle-mobile-disabled=\"false\" class=\"elementor-element elementor-element-9628977 e-con-full e-flex e-con e-parent\" data-id=\"9628977\" data-element_type=\"container\">\n\t\t\t\t<div class=\"elementor-element elementor-element-2abd9ae elementor-widget elementor-widget-heading\" data-id=\"2abd9ae\" data-element_type=\"widget\" data-widget_type=\"heading.default\">\n\t\t\t\t<div class=\"elementor-widget-container\">\n\t\t\t\t\t<h3 class=\"elementor-heading-title elementor-size-default\">KONTAKTIEREN SIE UNS, UM IHR PROJEKT ZU STARTEN<\/h3>\t\t\t\t<\/div>\n\t\t\t\t<\/div>\n\t\t\t\t<div class=\"elementor-element elementor-element-29cb8f2 elementor-widget elementor-widget-text-editor\" data-id=\"29cb8f2\" data-element_type=\"widget\" data-widget_type=\"text-editor.default\">\n\t\t\t\t<div class=\"elementor-widget-container\">\n\t\t\t\t\t\t\t\t\t<p>Wir finden eine L\u00f6sung f\u00fcr Ihren Bedarf an Sichtschutzglas. Wir bieten erstklassige Qualit\u00e4t, anpassbares Sichtschutzglas und kurze Lieferzeiten &#8211; zum richtigen Preis. <\/p>\t\t\t\t\t\t\t\t<\/div>\n\t\t\t\t<\/div>\n\t\t\t\t<div class=\"elementor-element elementor-element-febf31f elementor-widget elementor-widget-button\" data-id=\"febf31f\" data-element_type=\"widget\" data-widget_type=\"button.default\">\n\t\t\t\t<div class=\"elementor-widget-container\">\n\t\t\t\t\t\t\t\t\t<div class=\"elementor-button-wrapper\">\n\t\t\t\t\t<a class=\"elementor-button elementor-button-link elementor-size-sm\" href=\"https:\/\/dreamglass.co\/de\/kontakt-benutzung\/\">\n\t\t\t\t\t\t<span class=\"elementor-button-content-wrapper\">\n\t\t\t\t\t\t\t\t\t<span class=\"elementor-button-text\">Kontaktieren Sie uns<\/span>\n\t\t\t\t\t<\/span>\n\t\t\t\t\t<\/a>\n\t\t\t\t<\/div>\n\t\t\t\t\t\t\t\t<\/div>\n\t\t\t\t<\/div>\n\t\t\t\t<\/div>\n\t\t\t\t<\/div>\n\t\t<\/div>\n\t\t\t\t\t\t<\/div>\n\t\t\t\t<\/div>\n\t\t\t\t<\/div>\n\t\t<div data-particle_enable=\"false\" data-particle-mobile-disabled=\"false\" class=\"elementor-element elementor-element-473e66e e-con-full e-flex e-con e-parent\" data-id=\"473e66e\" data-element_type=\"container\">\n\t\t\t\t<div class=\"elementor-element elementor-element-6522fca elementor-widget elementor-widget-shortcode\" data-id=\"6522fca\" data-element_type=\"widget\" data-widget_type=\"shortcode.default\">\n\t\t\t\t<div class=\"elementor-widget-container\">\n\t\t\t\t\t\t\t<div class=\"elementor-shortcode\">\t\t<div data-elementor-type=\"section\" data-elementor-id=\"5229\" class=\"elementor elementor-5229 elementor-60\" data-elementor-post-type=\"elementor_library\">\n\t\t\t<div data-particle_enable=\"false\" data-particle-mobile-disabled=\"false\" class=\"elementor-element elementor-element-ee7dc59 e-con-full e-flex e-con e-parent\" data-id=\"ee7dc59\" data-element_type=\"container\">\n\t\t<div data-particle_enable=\"false\" data-particle-mobile-disabled=\"false\" class=\"elementor-element elementor-element-f42b670 e-con-full elementor-hidden-desktop elementor-hidden-laptop e-flex e-con e-child\" data-id=\"f42b670\" data-element_type=\"container\">\n\t\t\t\t<div class=\"elementor-element elementor-element-845a286 elementor-widget elementor-widget-heading\" data-id=\"845a286\" data-element_type=\"widget\" data-widget_type=\"heading.default\">\n\t\t\t\t<div class=\"elementor-widget-container\">\n\t\t\t\t\t<h3 class=\"elementor-heading-title elementor-size-default\">NEUE DREAMGLASS \u00ae APP<\/h3>\t\t\t\t<\/div>\n\t\t\t\t<\/div>\n\t\t\t\t<div class=\"elementor-element elementor-element-0491d2e elementor-widget elementor-widget-text-editor\" data-id=\"0491d2e\" data-element_type=\"widget\" data-widget_type=\"text-editor.default\">\n\t\t\t\t<div class=\"elementor-widget-container\">\n\t\t\t\t\t\t\t\t\t<p>Wir sind gerade dabei, die neue DreamGlass\u00ae App zu entwickeln. Sie k\u00f6nnen alle Ihre Scheiben bequem \u00fcber unsere App steuern. Demn\u00e4chst verf\u00fcgbar f\u00fcr:  <\/p>\t\t\t\t\t\t\t\t<\/div>\n\t\t\t\t<\/div>\n\t\t<div data-particle_enable=\"false\" data-particle-mobile-disabled=\"false\" class=\"elementor-element elementor-element-9d24723 e-con-full e-flex e-con e-child\" data-id=\"9d24723\" data-element_type=\"container\">\n\t\t<div data-particle_enable=\"false\" data-particle-mobile-disabled=\"false\" class=\"elementor-element elementor-element-f8c4c4c e-con-full e-flex e-con e-child\" data-id=\"f8c4c4c\" data-element_type=\"container\">\n\t\t\t\t<div class=\"elementor-element elementor-element-c46a714 elementor-widget elementor-widget-image\" data-id=\"c46a714\" data-element_type=\"widget\" data-widget_type=\"image.default\">\n\t\t\t\t<div class=\"elementor-widget-container\">\n\t\t\t\t\t\t\t\t\t\t\t\t\t\t\t<img fetchpriority=\"high\" decoding=\"async\" width=\"800\" height=\"225\" src=\"https:\/\/dreamglass.co\/wp-content\/uploads\/2024\/10\/Asset-3.png\" class=\"attachment-large size-large wp-image-1270\" alt=\"\" srcset=\"https:\/\/dreamglass.co\/wp-content\/uploads\/2024\/10\/Asset-3.png 800w, https:\/\/dreamglass.co\/wp-content\/uploads\/2024\/10\/Asset-3-300x84.webp 300w, https:\/\/dreamglass.co\/wp-content\/uploads\/2024\/10\/Asset-3-768x216.webp 768w\" sizes=\"(max-width: 800px) 100vw, 800px\" \/>\t\t\t\t\t\t\t\t\t\t\t\t\t\t\t<\/div>\n\t\t\t\t<\/div>\n\t\t\t\t<\/div>\n\t\t<div data-particle_enable=\"false\" data-particle-mobile-disabled=\"false\" class=\"elementor-element elementor-element-e0d541b e-con-full e-flex e-con e-child\" data-id=\"e0d541b\" data-element_type=\"container\">\n\t\t\t\t<div class=\"elementor-element elementor-element-6c5d729 elementor-widget elementor-widget-image\" data-id=\"6c5d729\" data-element_type=\"widget\" data-widget_type=\"image.default\">\n\t\t\t\t<div class=\"elementor-widget-container\">\n\t\t\t\t\t\t\t\t\t\t\t\t\t\t\t<img decoding=\"async\" width=\"800\" height=\"225\" src=\"https:\/\/dreamglass.co\/wp-content\/uploads\/2024\/10\/Asset-2.png\" class=\"attachment-large size-large wp-image-1276\" alt=\"\" srcset=\"https:\/\/dreamglass.co\/wp-content\/uploads\/2024\/10\/Asset-2.png 800w, https:\/\/dreamglass.co\/wp-content\/uploads\/2024\/10\/Asset-2-300x84.webp 300w, https:\/\/dreamglass.co\/wp-content\/uploads\/2024\/10\/Asset-2-768x216.webp 768w\" sizes=\"(max-width: 800px) 100vw, 800px\" \/>\t\t\t\t\t\t\t\t\t\t\t\t\t\t\t<\/div>\n\t\t\t\t<\/div>\n\t\t\t\t<\/div>\n\t\t\t\t<\/div>\n\t\t\t\t<\/div>\n\t\t<div data-particle_enable=\"false\" data-particle-mobile-disabled=\"false\" class=\"elementor-element elementor-element-308b4ad e-con-full e-flex e-con e-child\" data-id=\"308b4ad\" data-element_type=\"container\" data-settings=\"{&quot;background_background&quot;:&quot;classic&quot;}\">\n\t\t<div data-particle_enable=\"false\" data-particle-mobile-disabled=\"false\" class=\"elementor-element elementor-element-b577663 e-con-full e-flex e-con e-child\" data-id=\"b577663\" data-element_type=\"container\">\n\t\t<div data-particle_enable=\"false\" data-particle-mobile-disabled=\"false\" class=\"elementor-element elementor-element-ad66093 e-con-full elementor-hidden-tablet elementor-hidden-mobile_extra elementor-hidden-mobile e-flex e-con e-child\" data-id=\"ad66093\" data-element_type=\"container\">\n\t\t\t\t<div class=\"elementor-element elementor-element-dd4902d elementor-widget elementor-widget-heading\" data-id=\"dd4902d\" data-element_type=\"widget\" data-widget_type=\"heading.default\">\n\t\t\t\t<div class=\"elementor-widget-container\">\n\t\t\t\t\t<h3 class=\"elementor-heading-title elementor-size-default\">NEUE DREAMGLASS \u00ae APP<\/h3>\t\t\t\t<\/div>\n\t\t\t\t<\/div>\n\t\t\t\t<div class=\"elementor-element elementor-element-e2deaab elementor-widget elementor-widget-text-editor\" data-id=\"e2deaab\" data-element_type=\"widget\" data-widget_type=\"text-editor.default\">\n\t\t\t\t<div class=\"elementor-widget-container\">\n\t\t\t\t\t\t\t\t\t<p>Wir sind gerade dabei, die neue DreamGlass\u00ae App zu entwickeln. Sie k\u00f6nnen alle Ihre Scheiben bequem \u00fcber unsere App steuern. Demn\u00e4chst verf\u00fcgbar f\u00fcr:  <\/p>\t\t\t\t\t\t\t\t<\/div>\n\t\t\t\t<\/div>\n\t\t<div data-particle_enable=\"false\" data-particle-mobile-disabled=\"false\" class=\"elementor-element elementor-element-ed43464 e-con-full e-flex e-con e-child\" data-id=\"ed43464\" data-element_type=\"container\">\n\t\t<div data-particle_enable=\"false\" data-particle-mobile-disabled=\"false\" class=\"elementor-element elementor-element-12251b2 e-con-full e-flex e-con e-child\" data-id=\"12251b2\" data-element_type=\"container\">\n\t\t\t\t<div class=\"elementor-element elementor-element-faa78a7 elementor-widget elementor-widget-image\" data-id=\"faa78a7\" data-element_type=\"widget\" data-widget_type=\"image.default\">\n\t\t\t\t<div class=\"elementor-widget-container\">\n\t\t\t\t\t\t\t\t\t\t\t\t\t\t\t<img fetchpriority=\"high\" decoding=\"async\" width=\"800\" height=\"225\" src=\"https:\/\/dreamglass.co\/wp-content\/uploads\/2024\/10\/Asset-3.png\" class=\"attachment-large size-large wp-image-1270\" alt=\"\" srcset=\"https:\/\/dreamglass.co\/wp-content\/uploads\/2024\/10\/Asset-3.png 800w, https:\/\/dreamglass.co\/wp-content\/uploads\/2024\/10\/Asset-3-300x84.webp 300w, https:\/\/dreamglass.co\/wp-content\/uploads\/2024\/10\/Asset-3-768x216.webp 768w\" sizes=\"(max-width: 800px) 100vw, 800px\" \/>\t\t\t\t\t\t\t\t\t\t\t\t\t\t\t<\/div>\n\t\t\t\t<\/div>\n\t\t\t\t<\/div>\n\t\t<div data-particle_enable=\"false\" data-particle-mobile-disabled=\"false\" class=\"elementor-element elementor-element-0307c22 e-con-full e-flex e-con e-child\" data-id=\"0307c22\" data-element_type=\"container\">\n\t\t\t\t<div class=\"elementor-element elementor-element-d1a30b8 elementor-widget elementor-widget-image\" data-id=\"d1a30b8\" data-element_type=\"widget\" data-widget_type=\"image.default\">\n\t\t\t\t<div class=\"elementor-widget-container\">\n\t\t\t\t\t\t\t\t\t\t\t\t\t\t\t<img decoding=\"async\" width=\"800\" height=\"225\" src=\"https:\/\/dreamglass.co\/wp-content\/uploads\/2024\/10\/Asset-2.png\" class=\"attachment-large size-large wp-image-1276\" alt=\"\" srcset=\"https:\/\/dreamglass.co\/wp-content\/uploads\/2024\/10\/Asset-2.png 800w, https:\/\/dreamglass.co\/wp-content\/uploads\/2024\/10\/Asset-2-300x84.webp 300w, https:\/\/dreamglass.co\/wp-content\/uploads\/2024\/10\/Asset-2-768x216.webp 768w\" sizes=\"(max-width: 800px) 100vw, 800px\" \/>\t\t\t\t\t\t\t\t\t\t\t\t\t\t\t<\/div>\n\t\t\t\t<\/div>\n\t\t\t\t<\/div>\n\t\t\t\t<\/div>\n\t\t\t\t<\/div>\n\t\t\t\t<\/div>\n\t\t\t\t<\/div>\n\t\t\t\t<\/div>\n\t\t\t\t<\/div>\n\t\t<\/div>\n\t\t\t\t\t\t<\/div>\n\t\t\t\t<\/div>\n\t\t\t\t<\/div>\n\t\t\t\t<\/div>\n\t\t","protected":false},"excerpt":{"rendered":"<p>UNSER LABOR Mit unserem eigenen Labor sind die Produkte der Dream Glass Group mit der neuesten und besten Technologie f\u00fcr Sichtschutzglas ausgestattet und werden nach den h\u00f6chsten Qualit\u00e4tsstandards getestet. Warum ein eigenes Labor? Unser eigenes Labor macht uns in unserer Branche einzigartig. Es erm\u00f6glicht uns, die gesamte Produktion und Qualit\u00e4t unserer Produkte zu kontrollieren, von [&hellip;]<\/p>\n","protected":false},"author":2,"featured_media":0,"parent":4234,"menu_order":0,"comment_status":"closed","ping_status":"closed","template":"elementor_header_footer","meta":{"_acf_changed":false,"content-type":"","footnotes":""},"class_list":["post-4274","page","type-page","status-publish","hentry"],"acf":[],"aioseo_notices":[],"featured_image_src":null,"featured_image_src_square":null,"_links":{"self":[{"href":"https:\/\/dreamglass.co\/de\/wp-json\/wp\/v2\/pages\/4274","targetHints":{"allow":["GET"]}}],"collection":[{"href":"https:\/\/dreamglass.co\/de\/wp-json\/wp\/v2\/pages"}],"about":[{"href":"https:\/\/dreamglass.co\/de\/wp-json\/wp\/v2\/types\/page"}],"author":[{"embeddable":true,"href":"https:\/\/dreamglass.co\/de\/wp-json\/wp\/v2\/users\/2"}],"replies":[{"embeddable":true,"href":"https:\/\/dreamglass.co\/de\/wp-json\/wp\/v2\/comments?post=4274"}],"version-history":[{"count":0,"href":"https:\/\/dreamglass.co\/de\/wp-json\/wp\/v2\/pages\/4274\/revisions"}],"up":[{"embeddable":true,"href":"https:\/\/dreamglass.co\/de\/wp-json\/wp\/v2\/pages\/4234"}],"wp:attachment":[{"href":"https:\/\/dreamglass.co\/de\/wp-json\/wp\/v2\/media?parent=4274"}],"curies":[{"name":"wp","href":"https:\/\/api.w.org\/{rel}","templated":true}]}}