{"id":4309,"date":"2024-11-30T15:58:42","date_gmt":"2024-11-30T15:58:42","guid":{"rendered":"https:\/\/dreamglass.co\/ueber-uns\/karriere\/"},"modified":"2025-11-16T05:48:06","modified_gmt":"2025-11-16T05:48:06","slug":"karriere","status":"publish","type":"page","link":"https:\/\/dreamglass.co\/de\/ueber-uns\/karriere\/","title":{"rendered":"Karriere"},"content":{"rendered":"\t\t<div data-elementor-type=\"wp-page\" data-elementor-id=\"4309\" class=\"elementor elementor-4309 elementor-603\" data-elementor-post-type=\"page\">\n\t\t\t\t<div data-particle_enable=\"false\" data-particle-mobile-disabled=\"false\" class=\"elementor-element elementor-element-3f25418 e-con-full e-flex e-con e-parent\" data-id=\"3f25418\" data-element_type=\"container\" data-settings=\"{&quot;background_background&quot;:&quot;classic&quot;,&quot;background_motion_fx_motion_fx_scrolling&quot;:&quot;yes&quot;,&quot;background_motion_fx_translateY_effect&quot;:&quot;yes&quot;,&quot;background_motion_fx_translateY_speed&quot;:{&quot;unit&quot;:&quot;px&quot;,&quot;size&quot;:4,&quot;sizes&quot;:[]},&quot;background_motion_fx_translateY_affectedRange&quot;:{&quot;unit&quot;:&quot;%&quot;,&quot;size&quot;:&quot;&quot;,&quot;sizes&quot;:{&quot;start&quot;:0,&quot;end&quot;:100}},&quot;background_motion_fx_devices&quot;:[&quot;desktop&quot;,&quot;laptop&quot;,&quot;tablet&quot;,&quot;mobile_extra&quot;,&quot;mobile&quot;]}\">\n\t\t<div data-particle_enable=\"false\" data-particle-mobile-disabled=\"false\" class=\"elementor-element elementor-element-17af06a e-con-full e-flex e-con e-child\" data-id=\"17af06a\" data-element_type=\"container\">\n\t\t\t\t<div class=\"elementor-element elementor-element-8e6b67d elementor-widget elementor-widget-heading\" data-id=\"8e6b67d\" data-element_type=\"widget\" data-widget_type=\"heading.default\">\n\t\t\t\t<div class=\"elementor-widget-container\">\n\t\t\t\t\t<h1 class=\"elementor-heading-title elementor-size-default\">KARRIERE<\/h1>\t\t\t\t<\/div>\n\t\t\t\t<\/div>\n\t\t\t\t<div class=\"elementor-element elementor-element-17e120c elementor-widget elementor-widget-text-editor\" data-id=\"17e120c\" data-element_type=\"widget\" data-widget_type=\"text-editor.default\">\n\t\t\t\t<div class=\"elementor-widget-container\">\n\t\t\t\t\t\t\t\t\t<p>Die Dream Glass Gruppe ist ein zukunftsorientiertes Unternehmen, das auf der Suche nach klugen und ehrgeizigen Mitarbeitern ist. Werden Sie Mitglied des Dream Glass-Netzwerks, indem Sie sich die unten aufgef\u00fchrten Stellen ansehen oder uns Ihren Lebenslauf schicken. Wir freuen uns \u00fcber Bewerbungen, denn wir sind immer offen f\u00fcr die Beurteilung von Kandidaten!  <\/p>\t\t\t\t\t\t\t\t<\/div>\n\t\t\t\t<\/div>\n\t\t\t\t<\/div>\n\t\t\t\t<\/div>\n\t\t<div data-particle_enable=\"false\" data-particle-mobile-disabled=\"false\" class=\"elementor-element elementor-element-9e33033 e-con-full e-flex e-con e-parent\" data-id=\"9e33033\" data-element_type=\"container\">\n\t\t\t\t<div class=\"elementor-element elementor-element-7555c3a elementor-widget elementor-widget-heading\" data-id=\"7555c3a\" data-element_type=\"widget\" data-widget_type=\"heading.default\">\n\t\t\t\t<div class=\"elementor-widget-container\">\n\t\t\t\t\t<h2 class=\"elementor-heading-title elementor-size-default\">Dream Glass Group M\u00f6glichkeiten<\/h2>\t\t\t\t<\/div>\n\t\t\t\t<\/div>\n\t\t\t\t<div class=\"elementor-element elementor-element-7789568 elementor-widget__width-initial elementor-widget elementor-widget-heading\" data-id=\"7789568\" data-element_type=\"widget\" data-widget_type=\"heading.default\">\n\t\t\t\t<div class=\"elementor-widget-container\">\n\t\t\t\t\t<h4 class=\"elementor-heading-title elementor-size-default\">Wir sind immer auf der Suche nach neuen Talenten<\/h4>\t\t\t\t<\/div>\n\t\t\t\t<\/div>\n\t\t\t\t<div class=\"elementor-element elementor-element-2259d3d elementor-widget elementor-widget-text-editor\" data-id=\"2259d3d\" data-element_type=\"widget\" data-widget_type=\"text-editor.default\">\n\t\t\t\t<div class=\"elementor-widget-container\">\n\t\t\t\t\t\t\t\t\t<p>Die Dream Glass Gruppe ist ein zukunftsorientiertes Unternehmen, das auf der Suche nach klugen und ehrgeizigen Mitarbeitern f\u00fcr unser Team ist. Werden Sie Mitglied des Dream Glass-Netzwerks, indem Sie sich die unten aufgef\u00fchrten Stellen ansehen oder uns Ihren Lebenslauf schicken. Wir freuen uns \u00fcber Bewerbungen, denn wir sind immer offen f\u00fcr die Beurteilung von Kandidaten!  <\/p>\t\t\t\t\t\t\t\t<\/div>\n\t\t\t\t<\/div>\n\t\t\t\t<div class=\"elementor-element elementor-element-7f2e43d elementor-mobile-align-center elementor-widget elementor-widget-button\" data-id=\"7f2e43d\" data-element_type=\"widget\" data-widget_type=\"button.default\">\n\t\t\t\t<div class=\"elementor-widget-container\">\n\t\t\t\t\t\t\t\t\t<div class=\"elementor-button-wrapper\">\n\t\t\t\t\t<a class=\"elementor-button elementor-button-link elementor-size-sm\" href=\"#\">\n\t\t\t\t\t\t<span class=\"elementor-button-content-wrapper\">\n\t\t\t\t\t\t\t\t\t<span class=\"elementor-button-text\">Kontaktieren Sie uns<\/span>\n\t\t\t\t\t<\/span>\n\t\t\t\t\t<\/a>\n\t\t\t\t<\/div>\n\t\t\t\t\t\t\t\t<\/div>\n\t\t\t\t<\/div>\n\t\t\t\t<div class=\"elementor-element elementor-element-d5f30b8 elementor-widget__width-initial elementor-widget elementor-widget-heading\" data-id=\"d5f30b8\" data-element_type=\"widget\" data-widget_type=\"heading.default\">\n\t\t\t\t<div class=\"elementor-widget-container\">\n\t\t\t\t\t<h4 class=\"elementor-heading-title elementor-size-default\">Area Manager, Sr. Sales Executive f\u00fcr Deutschland <\/h4>\t\t\t\t<\/div>\n\t\t\t\t<\/div>\n\t\t\t\t<div class=\"elementor-element elementor-element-5209679 elementor-widget elementor-widget-text-editor\" data-id=\"5209679\" data-element_type=\"widget\" data-widget_type=\"text-editor.default\">\n\t\t\t\t<div class=\"elementor-widget-container\">\n\t\t\t\t\t\t\t\t\t<p>Der Kandidat ist verantwortlich f\u00fcr die Generierung von Umsatz f\u00fcr die Smart Glass Abteilung der DREAM GLASS GROUP durch den Verkauf von speziellen Smart Glass Produkten. Die DREAM GLASS GROUP sucht einen hochmotivierten Vertriebsprofi f\u00fcr die Betreuung und das Wachstum des deutschen Marktes. Sie werden mit Architekten, Innenarchitekten, Glasunternehmen, Generalunternehmern und anderen zusammenarbeiten und Beziehungen aufbauen.  <\/p><ul><li>Verantwortlich f\u00fcr das Erreichen und \u00dcbertreffen der festgelegten Umsatzziele.<\/li><li>Definieren Sie in Zusammenarbeit mit dem Vertriebsleiter eine Strategie zur erfolgreichen Durchdringung und Maximierung der Umsatzm\u00f6glichkeiten in den zugewiesenen Kan\u00e4len.<\/li><li>Sie suchen und finden neue Kunden, w\u00e4hrend Sie im Au\u00dfendienst unterwegs sind.<\/li><li>Verfolgen Sie Leads, Interessenten, Kunden, potenzielle Kundenchancen und Verkaufsauftr\u00e4ge.<\/li><li>Arbeiten Sie mit dem Marketing zusammen, um an relevanten Messen, Fachmessen, Konferenzen, Ausstellungen usw. teilzunehmen.<\/li><li>Bestimmen Sie das am besten geeignete Literatur- und Werbeprogramm f\u00fcr die entsprechenden Produkte und sorgen Sie f\u00fcr eine erfolgreiche Verbreitung der Informationen.<\/li><li>F\u00fchren Sie Ihre Aufgaben in \u00dcbereinstimmung mit der Mission, der Vision, den Richtlinien und den geltenden Gesetzen der Organisation aus.<\/li><\/ul><p><strong>Qualifikationen\/Erfahrung:<\/strong><\/p><ul><li>Umfassende Erfahrung im Bereich Vertrieb und Gesch\u00e4ftsentwicklung im Bereich Glas<\/li><li>Mindestens 3 Jahre im technischen Vertrieb bevorzugt.<\/li><li>Ausgepr\u00e4gter Gesch\u00e4fts- und Verkaufsscharfsinn.<\/li><li>Sehr gute Englischkenntnisse erforderlich.<\/li><li>Erfolgreiche Erfolgsbilanz beim Erreichen und \u00dcbertreffen der Verkaufsquote.<\/li><li>Bis zu 80% Reisen im Gebiet<\/li><\/ul><p><strong>Das Angebot<\/strong><\/p><ul><li>Wettbewerbsf\u00e4hige Basis + Bonus<\/li><li>Hervorragende M\u00f6glichkeiten f\u00fcr die Entwicklung zur F\u00fchrungskraft<\/li><\/ul>\t\t\t\t\t\t\t\t<\/div>\n\t\t\t\t<\/div>\n\t\t\t\t<div class=\"elementor-element elementor-element-ad2fc51 elementor-widget elementor-widget-button\" data-id=\"ad2fc51\" data-element_type=\"widget\" data-widget_type=\"button.default\">\n\t\t\t\t<div class=\"elementor-widget-container\">\n\t\t\t\t\t\t\t\t\t<div class=\"elementor-button-wrapper\">\n\t\t\t\t\t<a class=\"elementor-button elementor-button-link elementor-size-sm\" href=\"#\">\n\t\t\t\t\t\t<span class=\"elementor-button-content-wrapper\">\n\t\t\t\t\t\t\t\t\t<span class=\"elementor-button-text\">Kontaktieren Sie uns<\/span>\n\t\t\t\t\t<\/span>\n\t\t\t\t\t<\/a>\n\t\t\t\t<\/div>\n\t\t\t\t\t\t\t\t<\/div>\n\t\t\t\t<\/div>\n\t\t\t\t<\/div>\n\t\t<div data-particle_enable=\"false\" data-particle-mobile-disabled=\"false\" class=\"elementor-element elementor-element-f41b390 e-con-full e-flex e-con e-parent\" data-id=\"f41b390\" data-element_type=\"container\">\n\t\t\t\t<div class=\"elementor-element elementor-element-d6e566b elementor-widget elementor-widget-shortcode\" data-id=\"d6e566b\" data-element_type=\"widget\" data-widget_type=\"shortcode.default\">\n\t\t\t\t<div class=\"elementor-widget-container\">\n\t\t\t\t\t\t\t<div class=\"elementor-shortcode\">\t\t<div data-elementor-type=\"section\" data-elementor-id=\"5106\" class=\"elementor elementor-5106 elementor-266\" data-elementor-post-type=\"elementor_library\">\n\t\t\t<div data-particle_enable=\"false\" data-particle-mobile-disabled=\"false\" class=\"elementor-element elementor-element-9628977 e-con-full e-flex e-con e-parent\" data-id=\"9628977\" data-element_type=\"container\">\n\t\t\t\t<div class=\"elementor-element elementor-element-2abd9ae elementor-widget elementor-widget-heading\" data-id=\"2abd9ae\" data-element_type=\"widget\" data-widget_type=\"heading.default\">\n\t\t\t\t<div class=\"elementor-widget-container\">\n\t\t\t\t\t<h3 class=\"elementor-heading-title elementor-size-default\">KONTAKTIEREN SIE UNS, UM IHR PROJEKT ZU STARTEN<\/h3>\t\t\t\t<\/div>\n\t\t\t\t<\/div>\n\t\t\t\t<div class=\"elementor-element elementor-element-29cb8f2 elementor-widget elementor-widget-text-editor\" data-id=\"29cb8f2\" data-element_type=\"widget\" data-widget_type=\"text-editor.default\">\n\t\t\t\t<div class=\"elementor-widget-container\">\n\t\t\t\t\t\t\t\t\t<p>Wir finden eine L\u00f6sung f\u00fcr Ihren Bedarf an Sichtschutzglas. Wir bieten erstklassige Qualit\u00e4t, anpassbares Sichtschutzglas und kurze Lieferzeiten &#8211; zum richtigen Preis. <\/p>\t\t\t\t\t\t\t\t<\/div>\n\t\t\t\t<\/div>\n\t\t\t\t<div class=\"elementor-element elementor-element-febf31f elementor-widget elementor-widget-button\" data-id=\"febf31f\" data-element_type=\"widget\" data-widget_type=\"button.default\">\n\t\t\t\t<div class=\"elementor-widget-container\">\n\t\t\t\t\t\t\t\t\t<div class=\"elementor-button-wrapper\">\n\t\t\t\t\t<a class=\"elementor-button elementor-button-link elementor-size-sm\" href=\"https:\/\/dreamglass.co\/de\/kontakt-benutzung\/\">\n\t\t\t\t\t\t<span class=\"elementor-button-content-wrapper\">\n\t\t\t\t\t\t\t\t\t<span class=\"elementor-button-text\">Kontaktieren Sie uns<\/span>\n\t\t\t\t\t<\/span>\n\t\t\t\t\t<\/a>\n\t\t\t\t<\/div>\n\t\t\t\t\t\t\t\t<\/div>\n\t\t\t\t<\/div>\n\t\t\t\t<\/div>\n\t\t\t\t<\/div>\n\t\t<\/div>\n\t\t\t\t\t\t<\/div>\n\t\t\t\t<\/div>\n\t\t\t\t<\/div>\n\t\t<div data-particle_enable=\"false\" data-particle-mobile-disabled=\"false\" class=\"elementor-element elementor-element-473e66e e-con-full e-flex e-con e-parent\" data-id=\"473e66e\" data-element_type=\"container\">\n\t\t\t\t<div class=\"elementor-element elementor-element-6522fca elementor-widget elementor-widget-shortcode\" data-id=\"6522fca\" data-element_type=\"widget\" data-widget_type=\"shortcode.default\">\n\t\t\t\t<div class=\"elementor-widget-container\">\n\t\t\t\t\t\t\t<div class=\"elementor-shortcode\">\t\t<div data-elementor-type=\"section\" data-elementor-id=\"5229\" class=\"elementor elementor-5229 elementor-60\" data-elementor-post-type=\"elementor_library\">\n\t\t\t<div data-particle_enable=\"false\" data-particle-mobile-disabled=\"false\" class=\"elementor-element elementor-element-ee7dc59 e-con-full e-flex e-con e-parent\" data-id=\"ee7dc59\" data-element_type=\"container\">\n\t\t<div data-particle_enable=\"false\" data-particle-mobile-disabled=\"false\" class=\"elementor-element elementor-element-f42b670 e-con-full elementor-hidden-desktop elementor-hidden-laptop e-flex e-con e-child\" data-id=\"f42b670\" data-element_type=\"container\">\n\t\t\t\t<div class=\"elementor-element elementor-element-845a286 elementor-widget elementor-widget-heading\" data-id=\"845a286\" data-element_type=\"widget\" data-widget_type=\"heading.default\">\n\t\t\t\t<div class=\"elementor-widget-container\">\n\t\t\t\t\t<h3 class=\"elementor-heading-title elementor-size-default\">NEUE DREAMGLASS \u00ae APP<\/h3>\t\t\t\t<\/div>\n\t\t\t\t<\/div>\n\t\t\t\t<div class=\"elementor-element elementor-element-0491d2e elementor-widget elementor-widget-text-editor\" data-id=\"0491d2e\" data-element_type=\"widget\" data-widget_type=\"text-editor.default\">\n\t\t\t\t<div class=\"elementor-widget-container\">\n\t\t\t\t\t\t\t\t\t<p>Wir sind gerade dabei, die neue DreamGlass\u00ae App zu entwickeln. Sie k\u00f6nnen alle Ihre Scheiben bequem \u00fcber unsere App steuern. Demn\u00e4chst verf\u00fcgbar f\u00fcr:  <\/p>\t\t\t\t\t\t\t\t<\/div>\n\t\t\t\t<\/div>\n\t\t<div data-particle_enable=\"false\" data-particle-mobile-disabled=\"false\" class=\"elementor-element elementor-element-9d24723 e-con-full e-flex e-con e-child\" data-id=\"9d24723\" data-element_type=\"container\">\n\t\t<div data-particle_enable=\"false\" data-particle-mobile-disabled=\"false\" class=\"elementor-element elementor-element-f8c4c4c e-con-full e-flex e-con e-child\" data-id=\"f8c4c4c\" data-element_type=\"container\">\n\t\t\t\t<div class=\"elementor-element elementor-element-c46a714 elementor-widget elementor-widget-image\" data-id=\"c46a714\" data-element_type=\"widget\" data-widget_type=\"image.default\">\n\t\t\t\t<div class=\"elementor-widget-container\">\n\t\t\t\t\t\t\t\t\t\t\t\t\t\t\t<img fetchpriority=\"high\" decoding=\"async\" width=\"800\" height=\"225\" src=\"https:\/\/dreamglass.co\/wp-content\/uploads\/2024\/10\/Asset-3.png\" class=\"attachment-large size-large wp-image-1270\" alt=\"\" srcset=\"https:\/\/dreamglass.co\/wp-content\/uploads\/2024\/10\/Asset-3.png 800w, https:\/\/dreamglass.co\/wp-content\/uploads\/2024\/10\/Asset-3-300x84.webp 300w, https:\/\/dreamglass.co\/wp-content\/uploads\/2024\/10\/Asset-3-768x216.webp 768w\" sizes=\"(max-width: 800px) 100vw, 800px\" \/>\t\t\t\t\t\t\t\t\t\t\t\t\t\t\t<\/div>\n\t\t\t\t<\/div>\n\t\t\t\t<\/div>\n\t\t<div data-particle_enable=\"false\" data-particle-mobile-disabled=\"false\" class=\"elementor-element elementor-element-e0d541b e-con-full e-flex e-con e-child\" data-id=\"e0d541b\" data-element_type=\"container\">\n\t\t\t\t<div class=\"elementor-element elementor-element-6c5d729 elementor-widget elementor-widget-image\" data-id=\"6c5d729\" data-element_type=\"widget\" data-widget_type=\"image.default\">\n\t\t\t\t<div class=\"elementor-widget-container\">\n\t\t\t\t\t\t\t\t\t\t\t\t\t\t\t<img decoding=\"async\" width=\"800\" height=\"225\" src=\"https:\/\/dreamglass.co\/wp-content\/uploads\/2024\/10\/Asset-2.png\" class=\"attachment-large size-large wp-image-1276\" alt=\"\" srcset=\"https:\/\/dreamglass.co\/wp-content\/uploads\/2024\/10\/Asset-2.png 800w, https:\/\/dreamglass.co\/wp-content\/uploads\/2024\/10\/Asset-2-300x84.webp 300w, https:\/\/dreamglass.co\/wp-content\/uploads\/2024\/10\/Asset-2-768x216.webp 768w\" sizes=\"(max-width: 800px) 100vw, 800px\" \/>\t\t\t\t\t\t\t\t\t\t\t\t\t\t\t<\/div>\n\t\t\t\t<\/div>\n\t\t\t\t<\/div>\n\t\t\t\t<\/div>\n\t\t\t\t<\/div>\n\t\t<div data-particle_enable=\"false\" data-particle-mobile-disabled=\"false\" class=\"elementor-element elementor-element-308b4ad e-con-full e-flex e-con e-child\" data-id=\"308b4ad\" data-element_type=\"container\" data-settings=\"{&quot;background_background&quot;:&quot;classic&quot;}\">\n\t\t<div data-particle_enable=\"false\" data-particle-mobile-disabled=\"false\" class=\"elementor-element elementor-element-b577663 e-con-full e-flex e-con e-child\" data-id=\"b577663\" data-element_type=\"container\">\n\t\t<div data-particle_enable=\"false\" data-particle-mobile-disabled=\"false\" class=\"elementor-element elementor-element-ad66093 e-con-full elementor-hidden-tablet elementor-hidden-mobile_extra elementor-hidden-mobile e-flex e-con e-child\" data-id=\"ad66093\" data-element_type=\"container\">\n\t\t\t\t<div class=\"elementor-element elementor-element-dd4902d elementor-widget elementor-widget-heading\" data-id=\"dd4902d\" data-element_type=\"widget\" data-widget_type=\"heading.default\">\n\t\t\t\t<div class=\"elementor-widget-container\">\n\t\t\t\t\t<h3 class=\"elementor-heading-title elementor-size-default\">NEUE DREAMGLASS \u00ae APP<\/h3>\t\t\t\t<\/div>\n\t\t\t\t<\/div>\n\t\t\t\t<div class=\"elementor-element elementor-element-e2deaab elementor-widget elementor-widget-text-editor\" data-id=\"e2deaab\" data-element_type=\"widget\" data-widget_type=\"text-editor.default\">\n\t\t\t\t<div class=\"elementor-widget-container\">\n\t\t\t\t\t\t\t\t\t<p>Wir sind gerade dabei, die neue DreamGlass\u00ae App zu entwickeln. Sie k\u00f6nnen alle Ihre Scheiben bequem \u00fcber unsere App steuern. Demn\u00e4chst verf\u00fcgbar f\u00fcr:  <\/p>\t\t\t\t\t\t\t\t<\/div>\n\t\t\t\t<\/div>\n\t\t<div data-particle_enable=\"false\" data-particle-mobile-disabled=\"false\" class=\"elementor-element elementor-element-ed43464 e-con-full e-flex e-con e-child\" data-id=\"ed43464\" data-element_type=\"container\">\n\t\t<div data-particle_enable=\"false\" data-particle-mobile-disabled=\"false\" class=\"elementor-element elementor-element-12251b2 e-con-full e-flex e-con e-child\" data-id=\"12251b2\" data-element_type=\"container\">\n\t\t\t\t<div class=\"elementor-element elementor-element-faa78a7 elementor-widget elementor-widget-image\" data-id=\"faa78a7\" data-element_type=\"widget\" data-widget_type=\"image.default\">\n\t\t\t\t<div class=\"elementor-widget-container\">\n\t\t\t\t\t\t\t\t\t\t\t\t\t\t\t<img fetchpriority=\"high\" decoding=\"async\" width=\"800\" height=\"225\" src=\"https:\/\/dreamglass.co\/wp-content\/uploads\/2024\/10\/Asset-3.png\" class=\"attachment-large size-large wp-image-1270\" alt=\"\" srcset=\"https:\/\/dreamglass.co\/wp-content\/uploads\/2024\/10\/Asset-3.png 800w, https:\/\/dreamglass.co\/wp-content\/uploads\/2024\/10\/Asset-3-300x84.webp 300w, https:\/\/dreamglass.co\/wp-content\/uploads\/2024\/10\/Asset-3-768x216.webp 768w\" sizes=\"(max-width: 800px) 100vw, 800px\" \/>\t\t\t\t\t\t\t\t\t\t\t\t\t\t\t<\/div>\n\t\t\t\t<\/div>\n\t\t\t\t<\/div>\n\t\t<div data-particle_enable=\"false\" data-particle-mobile-disabled=\"false\" class=\"elementor-element elementor-element-0307c22 e-con-full e-flex e-con e-child\" data-id=\"0307c22\" data-element_type=\"container\">\n\t\t\t\t<div class=\"elementor-element elementor-element-d1a30b8 elementor-widget elementor-widget-image\" data-id=\"d1a30b8\" data-element_type=\"widget\" data-widget_type=\"image.default\">\n\t\t\t\t<div class=\"elementor-widget-container\">\n\t\t\t\t\t\t\t\t\t\t\t\t\t\t\t<img decoding=\"async\" width=\"800\" height=\"225\" src=\"https:\/\/dreamglass.co\/wp-content\/uploads\/2024\/10\/Asset-2.png\" class=\"attachment-large size-large wp-image-1276\" alt=\"\" srcset=\"https:\/\/dreamglass.co\/wp-content\/uploads\/2024\/10\/Asset-2.png 800w, https:\/\/dreamglass.co\/wp-content\/uploads\/2024\/10\/Asset-2-300x84.webp 300w, https:\/\/dreamglass.co\/wp-content\/uploads\/2024\/10\/Asset-2-768x216.webp 768w\" sizes=\"(max-width: 800px) 100vw, 800px\" \/>\t\t\t\t\t\t\t\t\t\t\t\t\t\t\t<\/div>\n\t\t\t\t<\/div>\n\t\t\t\t<\/div>\n\t\t\t\t<\/div>\n\t\t\t\t<\/div>\n\t\t\t\t<\/div>\n\t\t\t\t<\/div>\n\t\t\t\t<\/div>\n\t\t\t\t<\/div>\n\t\t<\/div>\n\t\t\t\t\t\t<\/div>\n\t\t\t\t<\/div>\n\t\t\t\t<\/div>\n\t\t\t\t<\/div>\n\t\t","protected":false},"excerpt":{"rendered":"<p>KARRIERE Die Dream Glass Gruppe ist ein zukunftsorientiertes Unternehmen, das auf der Suche nach klugen und ehrgeizigen Mitarbeitern ist. Werden Sie Mitglied des Dream Glass-Netzwerks, indem Sie sich die unten aufgef\u00fchrten Stellen ansehen oder uns Ihren Lebenslauf schicken. Wir freuen uns \u00fcber Bewerbungen, denn wir sind immer offen f\u00fcr die Beurteilung von Kandidaten! Dream Glass [&hellip;]<\/p>\n","protected":false},"author":2,"featured_media":0,"parent":4234,"menu_order":0,"comment_status":"closed","ping_status":"closed","template":"elementor_header_footer","meta":{"_acf_changed":false,"content-type":"","footnotes":""},"class_list":["post-4309","page","type-page","status-publish","hentry"],"acf":[],"aioseo_notices":[],"featured_image_src":null,"featured_image_src_square":null,"_links":{"self":[{"href":"https:\/\/dreamglass.co\/de\/wp-json\/wp\/v2\/pages\/4309","targetHints":{"allow":["GET"]}}],"collection":[{"href":"https:\/\/dreamglass.co\/de\/wp-json\/wp\/v2\/pages"}],"about":[{"href":"https:\/\/dreamglass.co\/de\/wp-json\/wp\/v2\/types\/page"}],"author":[{"embeddable":true,"href":"https:\/\/dreamglass.co\/de\/wp-json\/wp\/v2\/users\/2"}],"replies":[{"embeddable":true,"href":"https:\/\/dreamglass.co\/de\/wp-json\/wp\/v2\/comments?post=4309"}],"version-history":[{"count":0,"href":"https:\/\/dreamglass.co\/de\/wp-json\/wp\/v2\/pages\/4309\/revisions"}],"up":[{"embeddable":true,"href":"https:\/\/dreamglass.co\/de\/wp-json\/wp\/v2\/pages\/4234"}],"wp:attachment":[{"href":"https:\/\/dreamglass.co\/de\/wp-json\/wp\/v2\/media?parent=4309"}],"curies":[{"name":"wp","href":"https:\/\/api.w.org\/{rel}","templated":true}]}}