{"id":4263,"date":"2024-11-29T06:31:12","date_gmt":"2024-11-29T06:31:12","guid":{"rendered":"https:\/\/dreamglass.co\/quienes-somos\/nuestro-laboratorio\/"},"modified":"2025-11-16T05:55:43","modified_gmt":"2025-11-16T05:55:43","slug":"nuestro-laboratorio","status":"publish","type":"page","link":"https:\/\/dreamglass.co\/es\/quienes-somos\/nuestro-laboratorio\/","title":{"rendered":"Nuestro laboratorio"},"content":{"rendered":"\t\t<div data-elementor-type=\"wp-page\" data-elementor-id=\"4263\" class=\"elementor elementor-4263 elementor-570\" data-elementor-post-type=\"page\">\n\t\t\t\t<div data-particle_enable=\"false\" data-particle-mobile-disabled=\"false\" class=\"elementor-element elementor-element-3f25418 e-con-full e-flex e-con e-parent\" data-id=\"3f25418\" data-element_type=\"container\" data-settings=\"{&quot;background_background&quot;:&quot;classic&quot;}\">\n\t\t<div data-particle_enable=\"false\" data-particle-mobile-disabled=\"false\" class=\"elementor-element elementor-element-17af06a e-con-full e-flex e-con e-child\" data-id=\"17af06a\" data-element_type=\"container\">\n\t\t\t\t<div class=\"elementor-element elementor-element-8e6b67d elementor-widget elementor-widget-heading\" data-id=\"8e6b67d\" data-element_type=\"widget\" data-widget_type=\"heading.default\">\n\t\t\t\t<div class=\"elementor-widget-container\">\n\t\t\t\t\t<h1 class=\"elementor-heading-title elementor-size-default\">NUESTRO LABORATORIO<\/h1>\t\t\t\t<\/div>\n\t\t\t\t<\/div>\n\t\t\t\t<div class=\"elementor-element elementor-element-17e120c elementor-widget elementor-widget-text-editor\" data-id=\"17e120c\" data-element_type=\"widget\" data-widget_type=\"text-editor.default\">\n\t\t\t\t<div class=\"elementor-widget-container\">\n\t\t\t\t\t\t\t\t\t<p>Con nuestro propio laboratorio, los productos del Grupo Dream Glass est\u00e1n equipados con lo \u00faltimo y lo mejor en tecnolog\u00eda de vidrio de privacidad, y se someten a pruebas para cumplir las normas de calidad m\u00e1s exigentes.<\/p>\t\t\t\t\t\t\t\t<\/div>\n\t\t\t\t<\/div>\n\t\t\t\t<\/div>\n\t\t\t\t<\/div>\n\t\t<div data-particle_enable=\"false\" data-particle-mobile-disabled=\"false\" class=\"elementor-element elementor-element-9e33033 e-con-full e-flex e-con e-parent\" data-id=\"9e33033\" data-element_type=\"container\">\n\t\t<div data-particle_enable=\"false\" data-particle-mobile-disabled=\"false\" class=\"elementor-element elementor-element-d6a6053 e-con-full e-flex e-con e-child\" data-id=\"d6a6053\" data-element_type=\"container\" data-settings=\"{&quot;background_background&quot;:&quot;classic&quot;}\">\n\t\t<div data-particle_enable=\"false\" data-particle-mobile-disabled=\"false\" class=\"elementor-element elementor-element-52f3c43 e-con-full e-flex e-con e-child\" data-id=\"52f3c43\" data-element_type=\"container\">\n\t\t\t\t<div class=\"elementor-element elementor-element-1c85cd3 elementor-widget elementor-widget-heading\" data-id=\"1c85cd3\" data-element_type=\"widget\" data-widget_type=\"heading.default\">\n\t\t\t\t<div class=\"elementor-widget-container\">\n\t\t\t\t\t<h4 class=\"elementor-heading-title elementor-size-default\">\u00bfPor qu\u00e9 tener nuestro propio laboratorio?<\/h4>\t\t\t\t<\/div>\n\t\t\t\t<\/div>\n\t\t\t\t<div class=\"elementor-element elementor-element-d87c030 elementor-widget elementor-widget-text-editor\" data-id=\"d87c030\" data-element_type=\"widget\" data-widget_type=\"text-editor.default\">\n\t\t\t\t<div class=\"elementor-widget-container\">\n\t\t\t\t\t\t\t\t\t<p>Disponer de nuestro propio laboratorio es lo que nos hace completamente \u00fanicos en nuestro sector, ya que nos permite controlar toda la producci\u00f3n y la calidad de nuestros productos, desde la tecnolog\u00eda inicial hasta la entrega final del vidrio. Como fabricantes y distribuidores de nuestro producto, garantizamos su calidad y la satisfacci\u00f3n de nuestros clientes. <\/p>\t\t\t\t\t\t\t\t<\/div>\n\t\t\t\t<\/div>\n\t\t\t\t<\/div>\n\t\t\t\t<\/div>\n\t\t<div data-particle_enable=\"false\" data-particle-mobile-disabled=\"false\" class=\"elementor-element elementor-element-ea8ba4f e-con-full e-flex e-con e-child\" data-id=\"ea8ba4f\" data-element_type=\"container\" data-settings=\"{&quot;background_background&quot;:&quot;classic&quot;}\">\n\t\t<div data-particle_enable=\"false\" data-particle-mobile-disabled=\"false\" class=\"elementor-element elementor-element-44bc844 e-con-full e-flex e-con e-child\" data-id=\"44bc844\" data-element_type=\"container\">\n\t\t\t\t<div class=\"elementor-element elementor-element-07532ec elementor-widget elementor-widget-heading\" data-id=\"07532ec\" data-element_type=\"widget\" data-widget_type=\"heading.default\">\n\t\t\t\t<div class=\"elementor-widget-container\">\n\t\t\t\t\t<h4 class=\"elementor-heading-title elementor-size-default\">Comprender nuestro producto<\/h4>\t\t\t\t<\/div>\n\t\t\t\t<\/div>\n\t\t\t\t<div class=\"elementor-element elementor-element-d88f30d elementor-widget elementor-widget-text-editor\" data-id=\"d88f30d\" data-element_type=\"widget\" data-widget_type=\"text-editor.default\">\n\t\t\t\t<div class=\"elementor-widget-container\">\n\t\t\t\t\t\t\t\t\t<p>La mayor\u00eda de las empresas de vidrio inteligente se limitan a vender productos que compran a otro fabricante. En el Grupo Dream Glass, conocemos mejor la ciencia que hay detr\u00e1s de la creaci\u00f3n de la tecnolog\u00eda del vidrio inteligente. Fabricamos nuestra propia Pel\u00edcula PDLC y controlamos las caracter\u00edsticas del producto (transparencia, opacidad, neblina, velocidades de cambio, niveles de adherencia y mucho m\u00e1s&#8230;).  <\/p>\t\t\t\t\t\t\t\t<\/div>\n\t\t\t\t<\/div>\n\t\t\t\t<\/div>\n\t\t\t\t<\/div>\n\t\t\t\t<\/div>\n\t\t<div data-particle_enable=\"false\" data-particle-mobile-disabled=\"false\" class=\"elementor-element elementor-element-beb56c1 e-con-full e-flex e-con e-parent\" data-id=\"beb56c1\" data-element_type=\"container\">\n\t\t<div data-particle_enable=\"false\" data-particle-mobile-disabled=\"false\" class=\"elementor-element elementor-element-816fea0 e-con-full e-flex e-con e-child\" data-id=\"816fea0\" data-element_type=\"container\" data-settings=\"{&quot;background_background&quot;:&quot;classic&quot;}\">\n\t\t<div data-particle_enable=\"false\" data-particle-mobile-disabled=\"false\" class=\"elementor-element elementor-element-8e668f6 e-con-full e-flex e-con e-child\" data-id=\"8e668f6\" data-element_type=\"container\">\n\t\t\t\t<div class=\"elementor-element elementor-element-27bd065 elementor-widget elementor-widget-heading\" data-id=\"27bd065\" data-element_type=\"widget\" data-widget_type=\"heading.default\">\n\t\t\t\t<div class=\"elementor-widget-container\">\n\t\t\t\t\t<h4 class=\"elementor-heading-title elementor-size-default\">Alcanzar el futuro<\/h4>\t\t\t\t<\/div>\n\t\t\t\t<\/div>\n\t\t\t\t<div class=\"elementor-element elementor-element-f4b27ab elementor-widget elementor-widget-text-editor\" data-id=\"f4b27ab\" data-element_type=\"widget\" data-widget_type=\"text-editor.default\">\n\t\t\t\t<div class=\"elementor-widget-container\">\n\t\t\t\t\t\t\t\t\t<p>Tener nuestro propio laboratorio no s\u00f3lo nos permite controlar todos los aspectos de la creaci\u00f3n del vidrio hasta su instalaci\u00f3n, sino que tambi\u00e9n nos permite trabajar en el desarrollo de nuevas tecnolog\u00edas. A trav\u00e9s de nuestro laboratorio de I+D, DGG ha podido introducir en el mercado productos nuevos e innovadores de tecnolog\u00eda de vidrio inteligente. <\/p>\t\t\t\t\t\t\t\t<\/div>\n\t\t\t\t<\/div>\n\t\t\t\t<\/div>\n\t\t\t\t<\/div>\n\t\t<div data-particle_enable=\"false\" data-particle-mobile-disabled=\"false\" class=\"elementor-element elementor-element-0d804db e-con-full e-flex e-con e-child\" data-id=\"0d804db\" data-element_type=\"container\" data-settings=\"{&quot;background_background&quot;:&quot;classic&quot;}\">\n\t\t<div data-particle_enable=\"false\" data-particle-mobile-disabled=\"false\" class=\"elementor-element elementor-element-9d435ac e-con-full e-flex e-con e-child\" data-id=\"9d435ac\" data-element_type=\"container\">\n\t\t\t\t<div class=\"elementor-element elementor-element-1903b11 elementor-widget elementor-widget-heading\" data-id=\"1903b11\" data-element_type=\"widget\" data-widget_type=\"heading.default\">\n\t\t\t\t<div class=\"elementor-widget-container\">\n\t\t\t\t\t<h4 class=\"elementor-heading-title elementor-size-default\">Garantizar la seguridad<\/h4>\t\t\t\t<\/div>\n\t\t\t\t<\/div>\n\t\t\t\t<div class=\"elementor-element elementor-element-7fcadff elementor-widget elementor-widget-text-editor\" data-id=\"7fcadff\" data-element_type=\"widget\" data-widget_type=\"text-editor.default\">\n\t\t\t\t<div class=\"elementor-widget-container\">\n\t\t\t\t\t\t\t\t\t<p>Los productos DreamGlass\u00ae se someten a las pruebas de calidad m\u00e1s exigentes, por lo que puedes estar seguro de que obtienes el mejor producto disponible. Y puedes estar seguro de que tu cristal es seguro y duradero durante muchos a\u00f1os. <\/p>\t\t\t\t\t\t\t\t<\/div>\n\t\t\t\t<\/div>\n\t\t\t\t<\/div>\n\t\t\t\t<\/div>\n\t\t\t\t<\/div>\n\t\t<div data-particle_enable=\"false\" data-particle-mobile-disabled=\"false\" class=\"elementor-element elementor-element-52c94b9 e-con-full e-flex e-con e-parent\" data-id=\"52c94b9\" data-element_type=\"container\">\n\t\t<div data-particle_enable=\"false\" data-particle-mobile-disabled=\"false\" class=\"elementor-element elementor-element-30accff e-con-full e-flex e-con e-child\" data-id=\"30accff\" data-element_type=\"container\" data-settings=\"{&quot;background_background&quot;:&quot;classic&quot;}\">\n\t\t<div data-particle_enable=\"false\" data-particle-mobile-disabled=\"false\" class=\"elementor-element elementor-element-b61555a e-con-full e-flex e-con e-child\" data-id=\"b61555a\" data-element_type=\"container\">\n\t\t\t\t<div class=\"elementor-element elementor-element-48e9819 elementor-widget elementor-widget-heading\" data-id=\"48e9819\" data-element_type=\"widget\" data-widget_type=\"heading.default\">\n\t\t\t\t<div class=\"elementor-widget-container\">\n\t\t\t\t\t<h4 class=\"elementor-heading-title elementor-size-default\">Explorar nuevas tecnolog\u00edas de ventanas inteligentes<\/h4>\t\t\t\t<\/div>\n\t\t\t\t<\/div>\n\t\t\t\t<div class=\"elementor-element elementor-element-6de0352 elementor-widget elementor-widget-text-editor\" data-id=\"6de0352\" data-element_type=\"widget\" data-widget_type=\"text-editor.default\">\n\t\t\t\t<div class=\"elementor-widget-container\">\n\t\t\t\t\t\t\t\t\t<p>La empresa matriz de DGG, Intercomet, est\u00e1 explorando nuevas tecnolog\u00edas de ventanas inteligentes, incluidas las basadas en nuevos nanomateriales \u00abplasmocr\u00f3micos\u00bb avanzados que tambi\u00e9n permitir\u00edan un control selectivo de la transmisi\u00f3n de la radiaci\u00f3n en las regiones visible e infrarroja. Este proyecto, en conjunci\u00f3n con las capacidades del centro tecnol\u00f3gico LEITAT, propone la realizaci\u00f3n de m\u00f3dulos \u00abplasmocr\u00f3micos\u00bb con caracter\u00edsticas adecuadas [&#8230;]. <\/p>\t\t\t\t\t\t\t\t<\/div>\n\t\t\t\t<\/div>\n\t\t\t\t<\/div>\n\t\t\t\t<\/div>\n\t\t<div data-particle_enable=\"false\" data-particle-mobile-disabled=\"false\" class=\"elementor-element elementor-element-a1c12f0 e-con-full e-flex e-con e-child\" data-id=\"a1c12f0\" data-element_type=\"container\">\n\t\t\t\t<\/div>\n\t\t\t\t<\/div>\n\t\t<div data-particle_enable=\"false\" data-particle-mobile-disabled=\"false\" class=\"elementor-element elementor-element-f41b390 e-con-full e-flex e-con e-parent\" data-id=\"f41b390\" data-element_type=\"container\">\n\t\t\t\t<div class=\"elementor-element elementor-element-d6e566b elementor-widget elementor-widget-shortcode\" data-id=\"d6e566b\" data-element_type=\"widget\" data-widget_type=\"shortcode.default\">\n\t\t\t\t<div class=\"elementor-widget-container\">\n\t\t\t\t\t\t\t<div class=\"elementor-shortcode\">\t\t<div data-elementor-type=\"section\" data-elementor-id=\"5100\" class=\"elementor elementor-5100 elementor-266\" data-elementor-post-type=\"elementor_library\">\n\t\t\t<div data-particle_enable=\"false\" data-particle-mobile-disabled=\"false\" class=\"elementor-element elementor-element-9628977 e-con-full e-flex e-con e-parent\" data-id=\"9628977\" data-element_type=\"container\">\n\t\t\t\t<div class=\"elementor-element elementor-element-2abd9ae elementor-widget elementor-widget-heading\" data-id=\"2abd9ae\" data-element_type=\"widget\" data-widget_type=\"heading.default\">\n\t\t\t\t<div class=\"elementor-widget-container\">\n\t\t\t\t\t<h3 class=\"elementor-heading-title elementor-size-default\">CONTACTA CON NOSOTROS PARA INICIAR TU PROYECTO<\/h3>\t\t\t\t<\/div>\n\t\t\t\t<\/div>\n\t\t\t\t<div class=\"elementor-element elementor-element-29cb8f2 elementor-widget elementor-widget-text-editor\" data-id=\"29cb8f2\" data-element_type=\"widget\" data-widget_type=\"text-editor.default\">\n\t\t\t\t<div class=\"elementor-widget-container\">\n\t\t\t\t\t\t\t\t\t<p>Encontraremos una soluci\u00f3n a tus necesidades de vidrio de privacidad. Ofrecemos una calidad superior, cristales de privacidad personalizables y plazos de entrega cortos, al precio justo. <\/p>\t\t\t\t\t\t\t\t<\/div>\n\t\t\t\t<\/div>\n\t\t\t\t<div class=\"elementor-element elementor-element-febf31f elementor-widget elementor-widget-button\" data-id=\"febf31f\" data-element_type=\"widget\" data-widget_type=\"button.default\">\n\t\t\t\t<div class=\"elementor-widget-container\">\n\t\t\t\t\t\t\t\t\t<div class=\"elementor-button-wrapper\">\n\t\t\t\t\t<a class=\"elementor-button elementor-button-link elementor-size-sm\" href=\"https:\/\/dreamglass.co\/es\/contacto-us\/\">\n\t\t\t\t\t\t<span class=\"elementor-button-content-wrapper\">\n\t\t\t\t\t\t\t\t\t<span class=\"elementor-button-text\">Contacta con nosotros<\/span>\n\t\t\t\t\t<\/span>\n\t\t\t\t\t<\/a>\n\t\t\t\t<\/div>\n\t\t\t\t\t\t\t\t<\/div>\n\t\t\t\t<\/div>\n\t\t\t\t<\/div>\n\t\t\t\t<\/div>\n\t\t<\/div>\n\t\t\t\t\t\t<\/div>\n\t\t\t\t<\/div>\n\t\t\t\t<\/div>\n\t\t<div data-particle_enable=\"false\" data-particle-mobile-disabled=\"false\" class=\"elementor-element elementor-element-473e66e e-con-full e-flex e-con e-parent\" data-id=\"473e66e\" data-element_type=\"container\">\n\t\t\t\t<div class=\"elementor-element elementor-element-6522fca elementor-widget elementor-widget-shortcode\" data-id=\"6522fca\" data-element_type=\"widget\" data-widget_type=\"shortcode.default\">\n\t\t\t\t<div class=\"elementor-widget-container\">\n\t\t\t\t\t\t\t<div class=\"elementor-shortcode\">\t\t<div data-elementor-type=\"section\" data-elementor-id=\"5230\" class=\"elementor elementor-5230 elementor-60\" data-elementor-post-type=\"elementor_library\">\n\t\t\t<div data-particle_enable=\"false\" data-particle-mobile-disabled=\"false\" class=\"elementor-element elementor-element-ee7dc59 e-con-full e-flex e-con e-parent\" data-id=\"ee7dc59\" data-element_type=\"container\">\n\t\t<div data-particle_enable=\"false\" data-particle-mobile-disabled=\"false\" class=\"elementor-element elementor-element-f42b670 e-con-full elementor-hidden-desktop elementor-hidden-laptop e-flex e-con e-child\" data-id=\"f42b670\" data-element_type=\"container\">\n\t\t\t\t<div class=\"elementor-element elementor-element-845a286 elementor-widget elementor-widget-heading\" data-id=\"845a286\" data-element_type=\"widget\" data-widget_type=\"heading.default\">\n\t\t\t\t<div class=\"elementor-widget-container\">\n\t\t\t\t\t<h3 class=\"elementor-heading-title elementor-size-default\">NUEVA APP DREAMGLASS<\/h3>\t\t\t\t<\/div>\n\t\t\t\t<\/div>\n\t\t\t\t<div class=\"elementor-element elementor-element-0491d2e elementor-widget elementor-widget-text-editor\" data-id=\"0491d2e\" data-element_type=\"widget\" data-widget_type=\"text-editor.default\">\n\t\t\t\t<div class=\"elementor-widget-container\">\n\t\t\t\t\t\t\t\t\t<p>Estamos desarrollando la nueva App DreamGlass\u00ae. Podr\u00e1s controlar todos tus paneles desde la comodidad de nuestra app. Pr\u00f3ximamente en:  <\/p>\t\t\t\t\t\t\t\t<\/div>\n\t\t\t\t<\/div>\n\t\t<div data-particle_enable=\"false\" data-particle-mobile-disabled=\"false\" class=\"elementor-element elementor-element-9d24723 e-con-full e-flex e-con e-child\" data-id=\"9d24723\" data-element_type=\"container\">\n\t\t<div data-particle_enable=\"false\" data-particle-mobile-disabled=\"false\" class=\"elementor-element elementor-element-f8c4c4c e-con-full e-flex e-con e-child\" data-id=\"f8c4c4c\" data-element_type=\"container\">\n\t\t\t\t<div class=\"elementor-element elementor-element-c46a714 elementor-widget elementor-widget-image\" data-id=\"c46a714\" data-element_type=\"widget\" data-widget_type=\"image.default\">\n\t\t\t\t<div class=\"elementor-widget-container\">\n\t\t\t\t\t\t\t\t\t\t\t\t\t\t\t<img fetchpriority=\"high\" decoding=\"async\" width=\"800\" height=\"225\" src=\"https:\/\/dreamglass.co\/wp-content\/uploads\/2024\/10\/Asset-3.png\" class=\"attachment-large size-large wp-image-1273\" alt=\"\" srcset=\"https:\/\/dreamglass.co\/wp-content\/uploads\/2024\/10\/Asset-3.png 800w, https:\/\/dreamglass.co\/wp-content\/uploads\/2024\/10\/Asset-3-300x84.webp 300w, https:\/\/dreamglass.co\/wp-content\/uploads\/2024\/10\/Asset-3-768x216.webp 768w\" sizes=\"(max-width: 800px) 100vw, 800px\" \/>\t\t\t\t\t\t\t\t\t\t\t\t\t\t\t<\/div>\n\t\t\t\t<\/div>\n\t\t\t\t<\/div>\n\t\t<div data-particle_enable=\"false\" data-particle-mobile-disabled=\"false\" class=\"elementor-element elementor-element-e0d541b e-con-full e-flex e-con e-child\" data-id=\"e0d541b\" data-element_type=\"container\">\n\t\t\t\t<div class=\"elementor-element elementor-element-6c5d729 elementor-widget elementor-widget-image\" data-id=\"6c5d729\" data-element_type=\"widget\" data-widget_type=\"image.default\">\n\t\t\t\t<div class=\"elementor-widget-container\">\n\t\t\t\t\t\t\t\t\t\t\t\t\t\t\t<img decoding=\"async\" width=\"800\" height=\"225\" src=\"https:\/\/dreamglass.co\/wp-content\/uploads\/2024\/10\/Asset-2.png\" class=\"attachment-large size-large wp-image-1279\" alt=\"\" srcset=\"https:\/\/dreamglass.co\/wp-content\/uploads\/2024\/10\/Asset-2.png 800w, https:\/\/dreamglass.co\/wp-content\/uploads\/2024\/10\/Asset-2-300x84.webp 300w, https:\/\/dreamglass.co\/wp-content\/uploads\/2024\/10\/Asset-2-768x216.webp 768w\" sizes=\"(max-width: 800px) 100vw, 800px\" \/>\t\t\t\t\t\t\t\t\t\t\t\t\t\t\t<\/div>\n\t\t\t\t<\/div>\n\t\t\t\t<\/div>\n\t\t\t\t<\/div>\n\t\t\t\t<\/div>\n\t\t<div data-particle_enable=\"false\" data-particle-mobile-disabled=\"false\" class=\"elementor-element elementor-element-308b4ad e-con-full e-flex e-con e-child\" data-id=\"308b4ad\" data-element_type=\"container\" data-settings=\"{&quot;background_background&quot;:&quot;classic&quot;}\">\n\t\t<div data-particle_enable=\"false\" data-particle-mobile-disabled=\"false\" class=\"elementor-element elementor-element-b577663 e-con-full e-flex e-con e-child\" data-id=\"b577663\" data-element_type=\"container\">\n\t\t<div data-particle_enable=\"false\" data-particle-mobile-disabled=\"false\" class=\"elementor-element elementor-element-ad66093 e-con-full elementor-hidden-tablet elementor-hidden-mobile_extra elementor-hidden-mobile e-flex e-con e-child\" data-id=\"ad66093\" data-element_type=\"container\">\n\t\t\t\t<div class=\"elementor-element elementor-element-dd4902d elementor-widget elementor-widget-heading\" data-id=\"dd4902d\" data-element_type=\"widget\" data-widget_type=\"heading.default\">\n\t\t\t\t<div class=\"elementor-widget-container\">\n\t\t\t\t\t<h3 class=\"elementor-heading-title elementor-size-default\">NUEVA APP DREAMGLASS<\/h3>\t\t\t\t<\/div>\n\t\t\t\t<\/div>\n\t\t\t\t<div class=\"elementor-element elementor-element-e2deaab elementor-widget elementor-widget-text-editor\" data-id=\"e2deaab\" data-element_type=\"widget\" data-widget_type=\"text-editor.default\">\n\t\t\t\t<div class=\"elementor-widget-container\">\n\t\t\t\t\t\t\t\t\t<p>Estamos desarrollando la nueva App DreamGlass\u00ae. Podr\u00e1s controlar todos tus paneles desde la comodidad de nuestra app. Pr\u00f3ximamente en:  <\/p>\t\t\t\t\t\t\t\t<\/div>\n\t\t\t\t<\/div>\n\t\t<div data-particle_enable=\"false\" data-particle-mobile-disabled=\"false\" class=\"elementor-element elementor-element-ed43464 e-con-full e-flex e-con e-child\" data-id=\"ed43464\" data-element_type=\"container\">\n\t\t<div data-particle_enable=\"false\" data-particle-mobile-disabled=\"false\" class=\"elementor-element elementor-element-12251b2 e-con-full e-flex e-con e-child\" data-id=\"12251b2\" data-element_type=\"container\">\n\t\t\t\t<div class=\"elementor-element elementor-element-faa78a7 elementor-widget elementor-widget-image\" data-id=\"faa78a7\" data-element_type=\"widget\" data-widget_type=\"image.default\">\n\t\t\t\t<div class=\"elementor-widget-container\">\n\t\t\t\t\t\t\t\t\t\t\t\t\t\t\t<img fetchpriority=\"high\" decoding=\"async\" width=\"800\" height=\"225\" src=\"https:\/\/dreamglass.co\/wp-content\/uploads\/2024\/10\/Asset-3.png\" class=\"attachment-large size-large wp-image-1273\" alt=\"\" srcset=\"https:\/\/dreamglass.co\/wp-content\/uploads\/2024\/10\/Asset-3.png 800w, https:\/\/dreamglass.co\/wp-content\/uploads\/2024\/10\/Asset-3-300x84.webp 300w, https:\/\/dreamglass.co\/wp-content\/uploads\/2024\/10\/Asset-3-768x216.webp 768w\" sizes=\"(max-width: 800px) 100vw, 800px\" \/>\t\t\t\t\t\t\t\t\t\t\t\t\t\t\t<\/div>\n\t\t\t\t<\/div>\n\t\t\t\t<\/div>\n\t\t<div data-particle_enable=\"false\" data-particle-mobile-disabled=\"false\" class=\"elementor-element elementor-element-0307c22 e-con-full e-flex e-con e-child\" data-id=\"0307c22\" data-element_type=\"container\">\n\t\t\t\t<div class=\"elementor-element elementor-element-d1a30b8 elementor-widget elementor-widget-image\" data-id=\"d1a30b8\" data-element_type=\"widget\" data-widget_type=\"image.default\">\n\t\t\t\t<div class=\"elementor-widget-container\">\n\t\t\t\t\t\t\t\t\t\t\t\t\t\t\t<img decoding=\"async\" width=\"800\" height=\"225\" src=\"https:\/\/dreamglass.co\/wp-content\/uploads\/2024\/10\/Asset-2.png\" class=\"attachment-large size-large wp-image-1279\" alt=\"\" srcset=\"https:\/\/dreamglass.co\/wp-content\/uploads\/2024\/10\/Asset-2.png 800w, https:\/\/dreamglass.co\/wp-content\/uploads\/2024\/10\/Asset-2-300x84.webp 300w, https:\/\/dreamglass.co\/wp-content\/uploads\/2024\/10\/Asset-2-768x216.webp 768w\" sizes=\"(max-width: 800px) 100vw, 800px\" \/>\t\t\t\t\t\t\t\t\t\t\t\t\t\t\t<\/div>\n\t\t\t\t<\/div>\n\t\t\t\t<\/div>\n\t\t\t\t<\/div>\n\t\t\t\t<\/div>\n\t\t\t\t<\/div>\n\t\t\t\t<\/div>\n\t\t\t\t<\/div>\n\t\t\t\t<\/div>\n\t\t<\/div>\n\t\t\t\t\t\t<\/div>\n\t\t\t\t<\/div>\n\t\t\t\t<\/div>\n\t\t\t\t<\/div>\n\t\t","protected":false},"excerpt":{"rendered":"<p>NUESTRO LABORATORIO Con nuestro propio laboratorio, los productos del Grupo Dream Glass est\u00e1n equipados con lo \u00faltimo y lo mejor en tecnolog\u00eda de vidrio de privacidad, y se someten a pruebas para cumplir las normas de calidad m\u00e1s exigentes. \u00bfPor qu\u00e9 tener nuestro propio laboratorio? Disponer de nuestro propio laboratorio es lo que nos hace [&hellip;]<\/p>\n","protected":false},"author":2,"featured_media":0,"parent":4228,"menu_order":0,"comment_status":"closed","ping_status":"closed","template":"elementor_header_footer","meta":{"_acf_changed":false,"content-type":"","footnotes":""},"class_list":["post-4263","page","type-page","status-publish","hentry"],"acf":[],"aioseo_notices":[],"featured_image_src":null,"featured_image_src_square":null,"_links":{"self":[{"href":"https:\/\/dreamglass.co\/es\/wp-json\/wp\/v2\/pages\/4263","targetHints":{"allow":["GET"]}}],"collection":[{"href":"https:\/\/dreamglass.co\/es\/wp-json\/wp\/v2\/pages"}],"about":[{"href":"https:\/\/dreamglass.co\/es\/wp-json\/wp\/v2\/types\/page"}],"author":[{"embeddable":true,"href":"https:\/\/dreamglass.co\/es\/wp-json\/wp\/v2\/users\/2"}],"replies":[{"embeddable":true,"href":"https:\/\/dreamglass.co\/es\/wp-json\/wp\/v2\/comments?post=4263"}],"version-history":[{"count":0,"href":"https:\/\/dreamglass.co\/es\/wp-json\/wp\/v2\/pages\/4263\/revisions"}],"up":[{"embeddable":true,"href":"https:\/\/dreamglass.co\/es\/wp-json\/wp\/v2\/pages\/4228"}],"wp:attachment":[{"href":"https:\/\/dreamglass.co\/es\/wp-json\/wp\/v2\/media?parent=4263"}],"curies":[{"name":"wp","href":"https:\/\/api.w.org\/{rel}","templated":true}]}}