{"id":4296,"date":"2024-11-29T07:24:34","date_gmt":"2024-11-29T07:24:34","guid":{"rendered":"https:\/\/dreamglass.co\/quienes-somos\/nuestra-garantia\/"},"modified":"2025-11-16T05:56:21","modified_gmt":"2025-11-16T05:56:21","slug":"nuestra-garantia","status":"publish","type":"page","link":"https:\/\/dreamglass.co\/es\/quienes-somos\/nuestra-garantia\/","title":{"rendered":"Nuestra garant\u00eda"},"content":{"rendered":"\t\t<div data-elementor-type=\"wp-page\" data-elementor-id=\"4296\" class=\"elementor elementor-4296 elementor-587\" data-elementor-post-type=\"page\">\n\t\t\t\t<div data-particle_enable=\"false\" data-particle-mobile-disabled=\"false\" class=\"elementor-element elementor-element-daec38f e-con-full e-flex e-con e-parent\" data-id=\"daec38f\" data-element_type=\"container\">\n\t\t<div data-particle_enable=\"false\" data-particle-mobile-disabled=\"false\" class=\"elementor-element elementor-element-2041945 e-con-full e-flex e-con e-child\" data-id=\"2041945\" data-element_type=\"container\">\n\t\t\t\t<div class=\"elementor-element elementor-element-6fad22f elementor-widget elementor-widget-heading\" data-id=\"6fad22f\" data-element_type=\"widget\" data-widget_type=\"heading.default\">\n\t\t\t\t<div class=\"elementor-widget-container\">\n\t\t\t\t\t<h1 class=\"elementor-heading-title elementor-size-default\">Nuestra garant\u00eda<\/h1>\t\t\t\t<\/div>\n\t\t\t\t<\/div>\n\t\t\t\t<\/div>\n\t\t\t\t<\/div>\n\t\t<div data-particle_enable=\"false\" data-particle-mobile-disabled=\"false\" class=\"elementor-element elementor-element-4adb463d e-con-full e-flex e-con e-parent\" data-id=\"4adb463d\" data-element_type=\"container\" data-settings=\"{&quot;background_background&quot;:&quot;classic&quot;}\">\n\t\t<div data-particle_enable=\"false\" data-particle-mobile-disabled=\"false\" class=\"elementor-element elementor-element-d0601ea e-con-full e-flex e-con e-child\" data-id=\"d0601ea\" data-element_type=\"container\">\n\t\t<div data-particle_enable=\"false\" data-particle-mobile-disabled=\"false\" class=\"elementor-element elementor-element-a069cc6 e-con-full e-flex e-con e-child\" data-id=\"a069cc6\" data-element_type=\"container\">\n\t\t\t\t<div class=\"elementor-element elementor-element-f30ab06 elementor-widget elementor-widget-heading\" data-id=\"f30ab06\" data-element_type=\"widget\" data-widget_type=\"heading.default\">\n\t\t\t\t<div class=\"elementor-widget-container\">\n\t\t\t\t\t<h5 class=\"elementor-heading-title elementor-size-default\">Informaci\u00f3n general<\/h5>\t\t\t\t<\/div>\n\t\t\t\t<\/div>\n\t\t\t\t<div class=\"elementor-element elementor-element-33b7b61 elementor-widget elementor-widget-text-editor\" data-id=\"33b7b61\" data-element_type=\"widget\" data-widget_type=\"text-editor.default\">\n\t\t\t\t<div class=\"elementor-widget-container\">\n\t\t\t\t\t\t\t\t\t<p>Dream Glass Group se compromete a ofrecer una calidad visual excepcional, la tecnolog\u00eda m\u00e1s fiable y el m\u00e1s alto nivel de atenci\u00f3n al cliente, incluso despu\u00e9s de la instalaci\u00f3n. Ofrecemos garant\u00edas en todos nuestros productos de vidrio inteligente y proporcionamos un servicio de atenci\u00f3n al cliente profesional y r\u00e1pido. <\/p>\t\t\t\t\t\t\t\t<\/div>\n\t\t\t\t<\/div>\n\t\t\t\t<div class=\"elementor-element elementor-element-60e2bb4 elementor-widget elementor-widget-heading\" data-id=\"60e2bb4\" data-element_type=\"widget\" data-widget_type=\"heading.default\">\n\t\t\t\t<div class=\"elementor-widget-container\">\n\t\t\t\t\t<h5 class=\"elementor-heading-title elementor-size-default\">Presentar una reclamaci\u00f3n de garant\u00eda<\/h5>\t\t\t\t<\/div>\n\t\t\t\t<\/div>\n\t\t\t\t<div class=\"elementor-element elementor-element-9061717 elementor-widget elementor-widget-text-editor\" data-id=\"9061717\" data-element_type=\"widget\" data-widget_type=\"text-editor.default\">\n\t\t\t\t<div class=\"elementor-widget-container\">\n\t\t\t\t\t\t\t\t\t<p>Si necesitas presentar una reclamaci\u00f3n de garant\u00eda, puedes ponerte en contacto con nosotros directamente envi\u00e1ndonos un mensaje a trav\u00e9s de nuestra p\u00e1gina de contacto.<\/p><p>Por favor, a\u00f1ade toda la informaci\u00f3n relevante a tu mensaje. Incluyendo, si es posible, el modelo del producto, la fecha de compra, la fecha de instalaci\u00f3n y el problema real que tienes con el producto. <\/p><p>Para presentar una reclamaci\u00f3n, ponte en contacto con nosotros aqu\u00ed<\/p>\t\t\t\t\t\t\t\t<\/div>\n\t\t\t\t<\/div>\n\t\t\t\t<div class=\"elementor-element elementor-element-aed4c72 elementor-widget elementor-widget-heading\" data-id=\"aed4c72\" data-element_type=\"widget\" data-widget_type=\"heading.default\">\n\t\t\t\t<div class=\"elementor-widget-container\">\n\t\t\t\t\t<h5 class=\"elementor-heading-title elementor-size-default\">Ver nuestras garant\u00edas de productos actuales<\/h5>\t\t\t\t<\/div>\n\t\t\t\t<\/div>\n\t\t<div data-particle_enable=\"false\" data-particle-mobile-disabled=\"false\" class=\"elementor-element elementor-element-efde5f7 e-con-full e-flex e-con e-child\" data-id=\"efde5f7\" data-element_type=\"container\">\n\t\t<div data-particle_enable=\"false\" data-particle-mobile-disabled=\"false\" class=\"elementor-element elementor-element-6787099 e-con-full e-flex e-con e-child\" data-id=\"6787099\" data-element_type=\"container\">\n\t\t\t\t<div class=\"elementor-element elementor-element-b6026b9 DDG_Warranty_1 elementor-widget elementor-widget-text-editor\" data-id=\"b6026b9\" data-element_type=\"widget\" data-widget_type=\"text-editor.default\">\n\t\t\t\t<div class=\"elementor-widget-container\">\n\t\t\t\t\t\t\t\t\t<p>DreamGlass\u00ae La garant\u00eda original:<\/p><ul><li><a href=\"\/wp-content\/uploads\/2024\/11\/Warranty_DreamGlassTheOriginal.pdf\">DreamGlass\u00ae El Original<\/a><\/li><\/ul><p>Garant\u00eda de DreamGlass\u00ae Escudo IR:<\/p><ul><li><a href=\"\/wp-content\/uploads\/2024\/11\/Warranty_DreamGlassIRShield.pdf\">DreamGlass\u00ae Escudo IR<\/a><\/li><\/ul><p>Garant\u00eda DreamGlass\u00ae DSAF:<\/p><ul><li><a href=\"\/wp-content\/uploads\/2024\/11\/Warranty_DreamGlassDSAF.pdf\">DreamGlass\u00ae DSAF<\/a><\/li><\/ul>\t\t\t\t\t\t\t\t<\/div>\n\t\t\t\t<\/div>\n\t\t\t\t<\/div>\n\t\t<div data-particle_enable=\"false\" data-particle-mobile-disabled=\"false\" class=\"elementor-element elementor-element-6f14761 e-con-full e-flex e-con e-child\" data-id=\"6f14761\" data-element_type=\"container\">\n\t\t\t\t<div class=\"elementor-element elementor-element-ad9b073 DDG_Warranty_2 elementor-widget elementor-widget-text-editor\" data-id=\"ad9b073\" data-element_type=\"widget\" data-widget_type=\"text-editor.default\">\n\t\t\t\t<div class=\"elementor-widget-container\">\n\t\t\t\t\t\t\t\t\t<p>Garant\u00eda de las persianas inteligentes DreamGlass \u00ae:<\/p><ul><li><a href=\"\/wp-content\/uploads\/2024\/11\/Warranty_DreamGlassSmartBlinds.pdf\">Persianas inteligentes DreamGlass<\/a><\/li><\/ul><p>Garant\u00eda de la Persiana Din\u00e1mica DreamGlass\u00ae:<\/p><ul><li><a href=\"\/wp-content\/uploads\/2024\/11\/Warranty_DreamGlassDynamicShutter.pdf\">Persiana Din\u00e1mica DreamGlass<\/a><\/li><\/ul>\t\t\t\t\t\t\t\t<\/div>\n\t\t\t\t<\/div>\n\t\t\t\t<\/div>\n\t\t\t\t<\/div>\n\t\t\t\t<\/div>\n\t\t<div data-particle_enable=\"false\" data-particle-mobile-disabled=\"false\" class=\"elementor-element elementor-element-d81afef e-con-full e-flex e-con e-child\" data-id=\"d81afef\" data-element_type=\"container\">\n\t\t<div data-particle_enable=\"false\" data-particle-mobile-disabled=\"false\" class=\"elementor-element elementor-element-41c234b e-con-full e-flex e-con e-child\" data-id=\"41c234b\" data-element_type=\"container\" data-settings=\"{&quot;background_background&quot;:&quot;classic&quot;,&quot;background_motion_fx_motion_fx_scrolling&quot;:&quot;yes&quot;,&quot;background_motion_fx_translateY_effect&quot;:&quot;yes&quot;,&quot;background_motion_fx_translateY_speed&quot;:{&quot;unit&quot;:&quot;px&quot;,&quot;size&quot;:4,&quot;sizes&quot;:[]},&quot;background_motion_fx_translateY_affectedRange&quot;:{&quot;unit&quot;:&quot;%&quot;,&quot;size&quot;:&quot;&quot;,&quot;sizes&quot;:{&quot;start&quot;:0,&quot;end&quot;:100}},&quot;background_motion_fx_devices&quot;:[&quot;desktop&quot;,&quot;laptop&quot;,&quot;tablet&quot;,&quot;mobile_extra&quot;,&quot;mobile&quot;]}\">\n\t\t\t\t<\/div>\n\t\t<div data-particle_enable=\"false\" data-particle-mobile-disabled=\"false\" class=\"elementor-element elementor-element-9039391 e-con-full e-flex e-con e-child\" data-id=\"9039391\" data-element_type=\"container\">\n\t\t<div data-particle_enable=\"false\" data-particle-mobile-disabled=\"false\" class=\"elementor-element elementor-element-678cb94 e-con-full e-flex e-con e-child\" data-id=\"678cb94\" data-element_type=\"container\" data-settings=\"{&quot;background_background&quot;:&quot;classic&quot;,&quot;background_motion_fx_motion_fx_scrolling&quot;:&quot;yes&quot;,&quot;background_motion_fx_scale_effect&quot;:&quot;yes&quot;,&quot;background_motion_fx_scale_direction&quot;:&quot;out-in&quot;,&quot;background_motion_fx_scale_speed&quot;:{&quot;unit&quot;:&quot;px&quot;,&quot;size&quot;:4,&quot;sizes&quot;:[]},&quot;background_motion_fx_scale_range&quot;:{&quot;unit&quot;:&quot;%&quot;,&quot;size&quot;:&quot;&quot;,&quot;sizes&quot;:{&quot;start&quot;:20,&quot;end&quot;:80}},&quot;background_motion_fx_devices&quot;:[&quot;desktop&quot;,&quot;laptop&quot;,&quot;tablet&quot;,&quot;mobile_extra&quot;,&quot;mobile&quot;]}\">\n\t\t\t\t<\/div>\n\t\t<div data-particle_enable=\"false\" data-particle-mobile-disabled=\"false\" class=\"elementor-element elementor-element-384fad7 e-con-full e-flex e-con e-child\" data-id=\"384fad7\" data-element_type=\"container\" data-settings=\"{&quot;background_background&quot;:&quot;classic&quot;,&quot;background_motion_fx_motion_fx_scrolling&quot;:&quot;yes&quot;,&quot;background_motion_fx_scale_effect&quot;:&quot;yes&quot;,&quot;background_motion_fx_scale_direction&quot;:&quot;out-in&quot;,&quot;background_motion_fx_scale_speed&quot;:{&quot;unit&quot;:&quot;px&quot;,&quot;size&quot;:4,&quot;sizes&quot;:[]},&quot;background_motion_fx_scale_range&quot;:{&quot;unit&quot;:&quot;%&quot;,&quot;size&quot;:&quot;&quot;,&quot;sizes&quot;:{&quot;start&quot;:20,&quot;end&quot;:80}},&quot;background_motion_fx_devices&quot;:[&quot;desktop&quot;,&quot;laptop&quot;,&quot;tablet&quot;,&quot;mobile_extra&quot;,&quot;mobile&quot;]}\">\n\t\t\t\t<\/div>\n\t\t\t\t<\/div>\n\t\t\t\t<\/div>\n\t\t\t\t<\/div>\n\t\t\t\t<\/div>\n\t\t<div data-particle_enable=\"false\" data-particle-mobile-disabled=\"false\" class=\"elementor-element elementor-element-7b5c971 e-con-full e-flex e-con e-parent\" data-id=\"7b5c971\" data-element_type=\"container\">\n\t\t<div data-particle_enable=\"false\" data-particle-mobile-disabled=\"false\" class=\"elementor-element elementor-element-9e89f35 e-con-full e-flex e-con e-child\" data-id=\"9e89f35\" data-element_type=\"container\">\n\t\t\t\t<div class=\"elementor-element elementor-element-373a1f6 elementor-widget elementor-widget-shortcode\" data-id=\"373a1f6\" data-element_type=\"widget\" data-widget_type=\"shortcode.default\">\n\t\t\t\t<div class=\"elementor-widget-container\">\n\t\t\t\t\t\t\t<div class=\"elementor-shortcode\">\t\t<div data-elementor-type=\"section\" data-elementor-id=\"5100\" class=\"elementor elementor-5100 elementor-266\" data-elementor-post-type=\"elementor_library\">\n\t\t\t<div data-particle_enable=\"false\" data-particle-mobile-disabled=\"false\" class=\"elementor-element elementor-element-9628977 e-con-full e-flex e-con e-parent\" data-id=\"9628977\" data-element_type=\"container\">\n\t\t\t\t<div class=\"elementor-element elementor-element-2abd9ae elementor-widget elementor-widget-heading\" data-id=\"2abd9ae\" data-element_type=\"widget\" data-widget_type=\"heading.default\">\n\t\t\t\t<div class=\"elementor-widget-container\">\n\t\t\t\t\t<h3 class=\"elementor-heading-title elementor-size-default\">CONTACTA CON NOSOTROS PARA INICIAR TU PROYECTO<\/h3>\t\t\t\t<\/div>\n\t\t\t\t<\/div>\n\t\t\t\t<div class=\"elementor-element elementor-element-29cb8f2 elementor-widget elementor-widget-text-editor\" data-id=\"29cb8f2\" data-element_type=\"widget\" data-widget_type=\"text-editor.default\">\n\t\t\t\t<div class=\"elementor-widget-container\">\n\t\t\t\t\t\t\t\t\t<p>Encontraremos una soluci\u00f3n a tus necesidades de vidrio de privacidad. Ofrecemos una calidad superior, cristales de privacidad personalizables y plazos de entrega cortos, al precio justo. <\/p>\t\t\t\t\t\t\t\t<\/div>\n\t\t\t\t<\/div>\n\t\t\t\t<div class=\"elementor-element elementor-element-febf31f elementor-widget elementor-widget-button\" data-id=\"febf31f\" data-element_type=\"widget\" data-widget_type=\"button.default\">\n\t\t\t\t<div class=\"elementor-widget-container\">\n\t\t\t\t\t\t\t\t\t<div class=\"elementor-button-wrapper\">\n\t\t\t\t\t<a class=\"elementor-button elementor-button-link elementor-size-sm\" href=\"https:\/\/dreamglass.co\/es\/contacto-us\/\">\n\t\t\t\t\t\t<span class=\"elementor-button-content-wrapper\">\n\t\t\t\t\t\t\t\t\t<span class=\"elementor-button-text\">Contacta con nosotros<\/span>\n\t\t\t\t\t<\/span>\n\t\t\t\t\t<\/a>\n\t\t\t\t<\/div>\n\t\t\t\t\t\t\t\t<\/div>\n\t\t\t\t<\/div>\n\t\t\t\t<\/div>\n\t\t\t\t<\/div>\n\t\t<\/div>\n\t\t\t\t\t\t<\/div>\n\t\t\t\t<\/div>\n\t\t\t\t<\/div>\n\t\t\t\t<\/div>\n\t\t\t\t<\/div>\n\t\t","protected":false},"excerpt":{"rendered":"<p>Nuestra garant\u00eda Informaci\u00f3n general Dream Glass Group se compromete a ofrecer una calidad visual excepcional, la tecnolog\u00eda m\u00e1s fiable y el m\u00e1s alto nivel de atenci\u00f3n al cliente, incluso despu\u00e9s de la instalaci\u00f3n. Ofrecemos garant\u00edas en todos nuestros productos de vidrio inteligente y proporcionamos un servicio de atenci\u00f3n al cliente profesional y r\u00e1pido. Presentar una [&hellip;]<\/p>\n","protected":false},"author":2,"featured_media":0,"parent":4228,"menu_order":0,"comment_status":"closed","ping_status":"closed","template":"elementor_header_footer","meta":{"_acf_changed":false,"content-type":"","footnotes":""},"class_list":["post-4296","page","type-page","status-publish","hentry"],"acf":[],"aioseo_notices":[],"featured_image_src":null,"featured_image_src_square":null,"_links":{"self":[{"href":"https:\/\/dreamglass.co\/es\/wp-json\/wp\/v2\/pages\/4296","targetHints":{"allow":["GET"]}}],"collection":[{"href":"https:\/\/dreamglass.co\/es\/wp-json\/wp\/v2\/pages"}],"about":[{"href":"https:\/\/dreamglass.co\/es\/wp-json\/wp\/v2\/types\/page"}],"author":[{"embeddable":true,"href":"https:\/\/dreamglass.co\/es\/wp-json\/wp\/v2\/users\/2"}],"replies":[{"embeddable":true,"href":"https:\/\/dreamglass.co\/es\/wp-json\/wp\/v2\/comments?post=4296"}],"version-history":[{"count":0,"href":"https:\/\/dreamglass.co\/es\/wp-json\/wp\/v2\/pages\/4296\/revisions"}],"up":[{"embeddable":true,"href":"https:\/\/dreamglass.co\/es\/wp-json\/wp\/v2\/pages\/4228"}],"wp:attachment":[{"href":"https:\/\/dreamglass.co\/es\/wp-json\/wp\/v2\/media?parent=4296"}],"curies":[{"name":"wp","href":"https:\/\/api.w.org\/{rel}","templated":true}]}}