{"id":4319,"date":"2024-11-30T18:00:40","date_gmt":"2024-11-30T18:00:40","guid":{"rendered":"https:\/\/dreamglass.co\/socios\/"},"modified":"2025-04-10T19:17:31","modified_gmt":"2025-04-10T19:17:31","slug":"socios","status":"publish","type":"page","link":"https:\/\/dreamglass.co\/es\/socios\/","title":{"rendered":"Socios"},"content":{"rendered":"\t\t<div data-elementor-type=\"wp-page\" data-elementor-id=\"4319\" class=\"elementor elementor-4319 elementor-605\" data-elementor-post-type=\"page\">\n\t\t\t\t<div data-particle_enable=\"false\" data-particle-mobile-disabled=\"false\" class=\"elementor-element elementor-element-3f25418 e-con-full e-flex e-con e-parent\" data-id=\"3f25418\" data-element_type=\"container\" data-settings=\"{&quot;background_background&quot;:&quot;classic&quot;}\">\n\t\t<div data-particle_enable=\"false\" data-particle-mobile-disabled=\"false\" class=\"elementor-element elementor-element-17af06a e-con-full e-flex e-con e-child\" data-id=\"17af06a\" data-element_type=\"container\">\n\t\t\t\t<div class=\"elementor-element elementor-element-8e6b67d elementor-widget elementor-widget-heading\" data-id=\"8e6b67d\" data-element_type=\"widget\" data-widget_type=\"heading.default\">\n\t\t\t\t<div class=\"elementor-widget-container\">\n\t\t\t\t\t<h1 class=\"elementor-heading-title elementor-size-default\">HAZTE SOCIO<\/h1>\t\t\t\t<\/div>\n\t\t\t\t<\/div>\n\t\t\t\t<div class=\"elementor-element elementor-element-17e120c elementor-widget elementor-widget-text-editor\" data-id=\"17e120c\" data-element_type=\"widget\" data-widget_type=\"text-editor.default\">\n\t\t\t\t<div class=\"elementor-widget-container\">\n\t\t\t\t\t\t\t\t\t<p>Las empresas pueden convertirse en socios oficiales que promocionan y\/o distribuyen los productos DreamGlass\u00ae.<\/p>\t\t\t\t\t\t\t\t<\/div>\n\t\t\t\t<\/div>\n\t\t\t\t<\/div>\n\t\t\t\t<\/div>\n\t\t<div data-particle_enable=\"false\" data-particle-mobile-disabled=\"false\" class=\"elementor-element elementor-element-9e33033 e-con-full e-flex e-con e-parent\" data-id=\"9e33033\" data-element_type=\"container\">\n\t\t\t\t<div class=\"elementor-element elementor-element-7555c3a elementor-widget elementor-widget-heading\" data-id=\"7555c3a\" data-element_type=\"widget\" data-widget_type=\"heading.default\">\n\t\t\t\t<div class=\"elementor-widget-container\">\n\t\t\t\t\t<h2 class=\"elementor-heading-title elementor-size-default\">VENTAJAS DE TRABAJAR CON DGG<\/h2>\t\t\t\t<\/div>\n\t\t\t\t<\/div>\n\t\t\t\t<div class=\"elementor-element elementor-element-2259d3d elementor-widget__width-inherit elementor-widget elementor-widget-text-editor\" data-id=\"2259d3d\" data-element_type=\"widget\" data-widget_type=\"text-editor.default\">\n\t\t\t\t<div class=\"elementor-widget-container\">\n\t\t\t\t\t\t\t\t\t<p>El Grupo Dream Glass busca continuamente expandirse a nuevos mercados. Por eso ofrecemos distintas opciones para que socios y distribuidores trabajen con nosotros. <\/p><p>Nuestros conocimientos t\u00e9cnicos son los mejores del sector. Esto significa que configurar tu empresa y prepararla para trabajar con DreamGlass\u00ae es f\u00e1cil. Ofrecemos a nuestros socios educaci\u00f3n sobre el producto, asistencia t\u00e9cnica, formaci\u00f3n y mucho m\u00e1s.  <\/p><p>El hecho de que seamos el desarrollador y fabricante de todos nuestros productos nos permite controlar toda la producci\u00f3n y calidad de DreamGlass\u00ae, desde la tecnolog\u00eda inicial de la pel\u00edcula hasta la entrega final del vidrio. Esto da a tus clientes la seguridad de saber que el producto que adquieren procede directamente del fabricante, les da acceso a todas las garant\u00edas del Grupo Dream Glass y es el mejor de la gama. <\/p><p><strong>Si est\u00e1s interesado en hacerte socio, te ofrecemos 3 posibilidades;<\/strong><\/p><p><strong>1. Distribuidor<\/strong><br><strong>2. Licenciatario certificado<\/strong><br><strong>3. Distribuidor de valor a\u00f1adido<\/strong><\/p>\t\t\t\t\t\t\t\t<\/div>\n\t\t\t\t<\/div>\n\t\t\t\t<div class=\"elementor-element elementor-element-7f2e43d elementor-widget elementor-widget-button\" data-id=\"7f2e43d\" data-element_type=\"widget\" data-widget_type=\"button.default\">\n\t\t\t\t<div class=\"elementor-widget-container\">\n\t\t\t\t\t\t\t\t\t<div class=\"elementor-button-wrapper\">\n\t\t\t\t\t<a class=\"elementor-button elementor-button-link elementor-size-sm\" href=\"#\">\n\t\t\t\t\t\t<span class=\"elementor-button-content-wrapper\">\n\t\t\t\t\t\t\t\t\t<span class=\"elementor-button-text\">Contacta con nosotros<\/span>\n\t\t\t\t\t<\/span>\n\t\t\t\t\t<\/a>\n\t\t\t\t<\/div>\n\t\t\t\t\t\t\t\t<\/div>\n\t\t\t\t<\/div>\n\t\t\t\t<div class=\"elementor-element elementor-element-e57838d elementor-widget elementor-widget-heading\" data-id=\"e57838d\" data-element_type=\"widget\" data-widget_type=\"heading.default\">\n\t\t\t\t<div class=\"elementor-widget-container\">\n\t\t\t\t\t<h2 class=\"elementor-heading-title elementor-size-default\">Mira qu\u00e9 opci\u00f3n funciona mejor para ti:<\/h2>\t\t\t\t<\/div>\n\t\t\t\t<\/div>\n\t\t<div data-particle_enable=\"false\" data-particle-mobile-disabled=\"false\" class=\"elementor-element elementor-element-9780afe e-con-full e-flex e-con e-child\" data-id=\"9780afe\" data-element_type=\"container\">\n\t\t<div data-particle_enable=\"false\" data-particle-mobile-disabled=\"false\" class=\"elementor-element elementor-element-51d723e e-con-full e-flex e-con e-child\" data-id=\"51d723e\" data-element_type=\"container\" data-settings=\"{&quot;background_background&quot;:&quot;classic&quot;}\">\n\t\t\t\t<div class=\"elementor-element elementor-element-c33bcb6 elementor-widget elementor-widget-heading\" data-id=\"c33bcb6\" data-element_type=\"widget\" data-widget_type=\"heading.default\">\n\t\t\t\t<div class=\"elementor-widget-container\">\n\t\t\t\t\t<h2 class=\"elementor-heading-title elementor-size-default\">HAZTE DISTRIBUIDOR<\/h2>\t\t\t\t<\/div>\n\t\t\t\t<\/div>\n\t\t\t\t<div class=\"elementor-element elementor-element-f2ee12c elementor-widget__width-inherit elementor-widget elementor-widget-text-editor\" data-id=\"f2ee12c\" data-element_type=\"widget\" data-widget_type=\"text-editor.default\">\n\t\t\t\t<div class=\"elementor-widget-container\">\n\t\t\t\t\t\t\t\t\t<p>Esta opci\u00f3n es ideal para empresas que quieran comprar y revender nuestros vidrios de privacidad y productos bajo nuestra marca.<br>Obtendr\u00e1s el beneficio de nuestra marca establecida, nuestros esfuerzos de marketing y nuestros productos consolidados.<\/p>\t\t\t\t\t\t\t\t<\/div>\n\t\t\t\t<\/div>\n\t\t\t\t<div class=\"elementor-element elementor-element-8f9f822 elementor-align-center elementor-widget elementor-widget-button\" data-id=\"8f9f822\" data-element_type=\"widget\" data-widget_type=\"button.default\">\n\t\t\t\t<div class=\"elementor-widget-container\">\n\t\t\t\t\t\t\t\t\t<div class=\"elementor-button-wrapper\">\n\t\t\t\t\t<a class=\"elementor-button elementor-button-link elementor-size-sm\" href=\"#\">\n\t\t\t\t\t\t<span class=\"elementor-button-content-wrapper\">\n\t\t\t\t\t\t\t\t\t<span class=\"elementor-button-text\">HAZTE DISTRIBUIDOR<\/span>\n\t\t\t\t\t<\/span>\n\t\t\t\t\t<\/a>\n\t\t\t\t<\/div>\n\t\t\t\t\t\t\t\t<\/div>\n\t\t\t\t<\/div>\n\t\t\t\t<\/div>\n\t\t<div data-particle_enable=\"false\" data-particle-mobile-disabled=\"false\" class=\"elementor-element elementor-element-aa395a9 e-con-full e-flex e-con e-child\" data-id=\"aa395a9\" data-element_type=\"container\" data-settings=\"{&quot;background_background&quot;:&quot;classic&quot;}\">\n\t\t\t\t<div class=\"elementor-element elementor-element-1a063d7 elementor-widget elementor-widget-heading\" data-id=\"1a063d7\" data-element_type=\"widget\" data-widget_type=\"heading.default\">\n\t\t\t\t<div class=\"elementor-widget-container\">\n\t\t\t\t\t<h2 class=\"elementor-heading-title elementor-size-default\">Convi\u00e9rtete en Licenciatario Certificado<\/h2>\t\t\t\t<\/div>\n\t\t\t\t<\/div>\n\t\t\t\t<div class=\"elementor-element elementor-element-6fc2af1 elementor-widget__width-inherit elementor-widget elementor-widget-text-editor\" data-id=\"6fc2af1\" data-element_type=\"widget\" data-widget_type=\"text-editor.default\">\n\t\t\t\t<div class=\"elementor-widget-container\">\n\t\t\t\t\t\t\t\t\t<p>Esta opci\u00f3n es la mejor para las empresas que quieren comprar nuestra l\u00e1mina y promocionar nuestra marca y tienen experiencia o quieren aprender a<br>laminar su propio vidrio con la l\u00e1mina DreamGlass\u00ae. Ofrecemos un paquete que incluye precios preferentes, transferencia de conocimientos y apoyo de marketing. <\/p>\t\t\t\t\t\t\t\t<\/div>\n\t\t\t\t<\/div>\n\t\t\t\t<div class=\"elementor-element elementor-element-0c00e08 elementor-align-center elementor-widget elementor-widget-button\" data-id=\"0c00e08\" data-element_type=\"widget\" data-widget_type=\"button.default\">\n\t\t\t\t<div class=\"elementor-widget-container\">\n\t\t\t\t\t\t\t\t\t<div class=\"elementor-button-wrapper\">\n\t\t\t\t\t<a class=\"elementor-button elementor-button-link elementor-size-sm\" href=\"#\">\n\t\t\t\t\t\t<span class=\"elementor-button-content-wrapper\">\n\t\t\t\t\t\t\t\t\t<span class=\"elementor-button-text\">HAZTE LICENCIATARIO<\/span>\n\t\t\t\t\t<\/span>\n\t\t\t\t\t<\/a>\n\t\t\t\t<\/div>\n\t\t\t\t\t\t\t\t<\/div>\n\t\t\t\t<\/div>\n\t\t\t\t<\/div>\n\t\t<div data-particle_enable=\"false\" data-particle-mobile-disabled=\"false\" class=\"elementor-element elementor-element-443bf93 e-con-full e-flex e-con e-child\" data-id=\"443bf93\" data-element_type=\"container\" data-settings=\"{&quot;background_background&quot;:&quot;classic&quot;}\">\n\t\t\t\t<div class=\"elementor-element elementor-element-6ead081 elementor-widget elementor-widget-heading\" data-id=\"6ead081\" data-element_type=\"widget\" data-widget_type=\"heading.default\">\n\t\t\t\t<div class=\"elementor-widget-container\">\n\t\t\t\t\t<h2 class=\"elementor-heading-title elementor-size-default\">Hazte VAR (Distribuidor de Valor A\u00f1adido)<\/h2>\t\t\t\t<\/div>\n\t\t\t\t<\/div>\n\t\t\t\t<div class=\"elementor-element elementor-element-c5ca88a elementor-widget__width-inherit elementor-widget elementor-widget-text-editor\" data-id=\"c5ca88a\" data-element_type=\"widget\" data-widget_type=\"text-editor.default\">\n\t\t\t\t<div class=\"elementor-widget-container\">\n\t\t\t\t\t\t\t\t\t<p>Esta opci\u00f3n es la mejor para las personas que quieren poner una marca blanca a sus productos. Los VAR suelen ser empresas establecidas que quieren comprar nuestra pel\u00edcula y<br>cambiarle la marca a su propio nombre. Con esta opci\u00f3n, los revendedores tendr\u00e1n que ofrecer su propia garant\u00eda y realizar sus propios esfuerzos de marketing.  <\/p>\t\t\t\t\t\t\t\t<\/div>\n\t\t\t\t<\/div>\n\t\t\t\t<div class=\"elementor-element elementor-element-6bf895e elementor-align-center elementor-widget elementor-widget-button\" data-id=\"6bf895e\" data-element_type=\"widget\" data-widget_type=\"button.default\">\n\t\t\t\t<div class=\"elementor-widget-container\">\n\t\t\t\t\t\t\t\t\t<div class=\"elementor-button-wrapper\">\n\t\t\t\t\t<a class=\"elementor-button elementor-button-link elementor-size-sm\" href=\"#\">\n\t\t\t\t\t\t<span class=\"elementor-button-content-wrapper\">\n\t\t\t\t\t\t\t\t\t<span class=\"elementor-button-text\">HAZTE VAR<\/span>\n\t\t\t\t\t<\/span>\n\t\t\t\t\t<\/a>\n\t\t\t\t<\/div>\n\t\t\t\t\t\t\t\t<\/div>\n\t\t\t\t<\/div>\n\t\t\t\t<\/div>\n\t\t\t\t<\/div>\n\t\t\t\t<\/div>\n\t\t<div data-particle_enable=\"false\" data-particle-mobile-disabled=\"false\" class=\"elementor-element elementor-element-3c32f06 e-con-full e-flex e-con e-parent\" data-id=\"3c32f06\" data-element_type=\"container\">\n\t\t\t\t<div class=\"elementor-element elementor-element-0cbb639 elementor-widget elementor-widget-heading\" data-id=\"0cbb639\" data-element_type=\"widget\" data-widget_type=\"heading.default\">\n\t\t\t\t<div class=\"elementor-widget-container\">\n\t\t\t\t\t<h4 class=\"elementor-heading-title elementor-size-default\">Rellena el siguiente formulario<\/h4>\t\t\t\t<\/div>\n\t\t\t\t<\/div>\n\t\t\t\t<div class=\"elementor-element elementor-element-31239cd elementor-widget elementor-widget-text-editor\" data-id=\"31239cd\" data-element_type=\"widget\" data-widget_type=\"text-editor.default\">\n\t\t\t\t<div class=\"elementor-widget-container\">\n\t\t\t\t\t\t\t\t\t<p>Cuando recibamos tu informaci\u00f3n, nos pondremos en contacto contigo para indicarte los pasos a seguir para convertirte en socio o distribuidor oficial del Grupo Dream Glass.<\/p>\t\t\t\t\t\t\t\t<\/div>\n\t\t\t\t<\/div>\n\t\t\t\t<div class=\"elementor-element elementor-element-4121c67 elementor-widget elementor-widget-hubspot-form\" data-id=\"4121c67\" data-element_type=\"widget\" data-widget_type=\"hubspot-form.default\">\n\t\t\t\t<div class=\"elementor-widget-container\">\n\t\t\t\t\t\n\t\t\t\t\t\t<script>\n\t\t\t\t\t\t\twindow.hsFormsOnReady = window.hsFormsOnReady || [];\n\t\t\t\t\t\t\twindow.hsFormsOnReady.push(()=>{\n\t\t\t\t\t\t\t\thbspt.forms.create({\n\t\t\t\t\t\t\t\t\tportalId: 21728459,\n\t\t\t\t\t\t\t\t\tformId: \"1adf44da-ca22-4727-9e97-ceb385eb55e5\",\n\t\t\t\t\t\t\t\t\ttarget: \"#hbspt-form-1778094692000-5934236690\",\n\t\t\t\t\t\t\t\t\tregion: \"na1\",\n\t\t\t\t\t\t\t\t\t\n\t\t\t\t\t\t\t})});\n\t\t\t\t\t\t<\/script>\n\t\t\t\t\t\t<div class=\"hbspt-form\" id=\"hbspt-form-1778094692000-5934236690\"><\/div>\t\t\t\t<\/div>\n\t\t\t\t<\/div>\n\t\t\t\t<\/div>\n\t\t<div data-particle_enable=\"false\" data-particle-mobile-disabled=\"false\" class=\"elementor-element elementor-element-473e66e e-con-full e-flex e-con e-parent\" data-id=\"473e66e\" data-element_type=\"container\">\n\t\t\t\t<div class=\"elementor-element elementor-element-6522fca elementor-widget elementor-widget-shortcode\" data-id=\"6522fca\" data-element_type=\"widget\" data-widget_type=\"shortcode.default\">\n\t\t\t\t<div class=\"elementor-widget-container\">\n\t\t\t\t\t\t\t<div class=\"elementor-shortcode\">\t\t<div data-elementor-type=\"section\" data-elementor-id=\"5230\" class=\"elementor elementor-5230 elementor-60\" data-elementor-post-type=\"elementor_library\">\n\t\t\t<div data-particle_enable=\"false\" data-particle-mobile-disabled=\"false\" class=\"elementor-element elementor-element-ee7dc59 e-con-full e-flex e-con e-parent\" data-id=\"ee7dc59\" data-element_type=\"container\">\n\t\t<div data-particle_enable=\"false\" data-particle-mobile-disabled=\"false\" class=\"elementor-element elementor-element-f42b670 e-con-full elementor-hidden-desktop elementor-hidden-laptop e-flex e-con e-child\" data-id=\"f42b670\" data-element_type=\"container\">\n\t\t\t\t<div class=\"elementor-element elementor-element-845a286 elementor-widget elementor-widget-heading\" data-id=\"845a286\" data-element_type=\"widget\" data-widget_type=\"heading.default\">\n\t\t\t\t<div class=\"elementor-widget-container\">\n\t\t\t\t\t<h3 class=\"elementor-heading-title elementor-size-default\">NUEVA APP DREAMGLASS<\/h3>\t\t\t\t<\/div>\n\t\t\t\t<\/div>\n\t\t\t\t<div class=\"elementor-element elementor-element-0491d2e elementor-widget elementor-widget-text-editor\" data-id=\"0491d2e\" data-element_type=\"widget\" data-widget_type=\"text-editor.default\">\n\t\t\t\t<div class=\"elementor-widget-container\">\n\t\t\t\t\t\t\t\t\t<p>Estamos desarrollando la nueva App DreamGlass\u00ae. Podr\u00e1s controlar todos tus paneles desde la comodidad de nuestra app. Pr\u00f3ximamente en:  <\/p>\t\t\t\t\t\t\t\t<\/div>\n\t\t\t\t<\/div>\n\t\t<div data-particle_enable=\"false\" data-particle-mobile-disabled=\"false\" class=\"elementor-element elementor-element-9d24723 e-con-full e-flex e-con e-child\" data-id=\"9d24723\" data-element_type=\"container\">\n\t\t<div data-particle_enable=\"false\" data-particle-mobile-disabled=\"false\" class=\"elementor-element elementor-element-f8c4c4c e-con-full e-flex e-con e-child\" data-id=\"f8c4c4c\" data-element_type=\"container\">\n\t\t\t\t<div class=\"elementor-element elementor-element-c46a714 elementor-widget elementor-widget-image\" data-id=\"c46a714\" data-element_type=\"widget\" data-widget_type=\"image.default\">\n\t\t\t\t<div class=\"elementor-widget-container\">\n\t\t\t\t\t\t\t\t\t\t\t\t\t\t\t<img fetchpriority=\"high\" decoding=\"async\" width=\"800\" height=\"225\" src=\"https:\/\/dreamglass.co\/wp-content\/uploads\/2024\/10\/Asset-3.png\" class=\"attachment-large size-large wp-image-1273\" alt=\"\" srcset=\"https:\/\/dreamglass.co\/wp-content\/uploads\/2024\/10\/Asset-3.png 800w, https:\/\/dreamglass.co\/wp-content\/uploads\/2024\/10\/Asset-3-300x84.webp 300w, https:\/\/dreamglass.co\/wp-content\/uploads\/2024\/10\/Asset-3-768x216.webp 768w\" sizes=\"(max-width: 800px) 100vw, 800px\" \/>\t\t\t\t\t\t\t\t\t\t\t\t\t\t\t<\/div>\n\t\t\t\t<\/div>\n\t\t\t\t<\/div>\n\t\t<div data-particle_enable=\"false\" data-particle-mobile-disabled=\"false\" class=\"elementor-element elementor-element-e0d541b e-con-full e-flex e-con e-child\" data-id=\"e0d541b\" data-element_type=\"container\">\n\t\t\t\t<div class=\"elementor-element elementor-element-6c5d729 elementor-widget elementor-widget-image\" data-id=\"6c5d729\" data-element_type=\"widget\" data-widget_type=\"image.default\">\n\t\t\t\t<div class=\"elementor-widget-container\">\n\t\t\t\t\t\t\t\t\t\t\t\t\t\t\t<img decoding=\"async\" width=\"800\" height=\"225\" src=\"https:\/\/dreamglass.co\/wp-content\/uploads\/2024\/10\/Asset-2.png\" class=\"attachment-large size-large wp-image-1279\" alt=\"\" srcset=\"https:\/\/dreamglass.co\/wp-content\/uploads\/2024\/10\/Asset-2.png 800w, https:\/\/dreamglass.co\/wp-content\/uploads\/2024\/10\/Asset-2-300x84.webp 300w, https:\/\/dreamglass.co\/wp-content\/uploads\/2024\/10\/Asset-2-768x216.webp 768w\" sizes=\"(max-width: 800px) 100vw, 800px\" \/>\t\t\t\t\t\t\t\t\t\t\t\t\t\t\t<\/div>\n\t\t\t\t<\/div>\n\t\t\t\t<\/div>\n\t\t\t\t<\/div>\n\t\t\t\t<\/div>\n\t\t<div data-particle_enable=\"false\" data-particle-mobile-disabled=\"false\" class=\"elementor-element elementor-element-308b4ad e-con-full e-flex e-con e-child\" data-id=\"308b4ad\" data-element_type=\"container\" data-settings=\"{&quot;background_background&quot;:&quot;classic&quot;}\">\n\t\t<div data-particle_enable=\"false\" data-particle-mobile-disabled=\"false\" class=\"elementor-element elementor-element-b577663 e-con-full e-flex e-con e-child\" data-id=\"b577663\" data-element_type=\"container\">\n\t\t<div data-particle_enable=\"false\" data-particle-mobile-disabled=\"false\" class=\"elementor-element elementor-element-ad66093 e-con-full elementor-hidden-tablet elementor-hidden-mobile_extra elementor-hidden-mobile e-flex e-con e-child\" data-id=\"ad66093\" data-element_type=\"container\">\n\t\t\t\t<div class=\"elementor-element elementor-element-dd4902d elementor-widget elementor-widget-heading\" data-id=\"dd4902d\" data-element_type=\"widget\" data-widget_type=\"heading.default\">\n\t\t\t\t<div class=\"elementor-widget-container\">\n\t\t\t\t\t<h3 class=\"elementor-heading-title elementor-size-default\">NUEVA APP DREAMGLASS<\/h3>\t\t\t\t<\/div>\n\t\t\t\t<\/div>\n\t\t\t\t<div class=\"elementor-element elementor-element-e2deaab elementor-widget elementor-widget-text-editor\" data-id=\"e2deaab\" data-element_type=\"widget\" data-widget_type=\"text-editor.default\">\n\t\t\t\t<div class=\"elementor-widget-container\">\n\t\t\t\t\t\t\t\t\t<p>Estamos desarrollando la nueva App DreamGlass\u00ae. Podr\u00e1s controlar todos tus paneles desde la comodidad de nuestra app. Pr\u00f3ximamente en:  <\/p>\t\t\t\t\t\t\t\t<\/div>\n\t\t\t\t<\/div>\n\t\t<div data-particle_enable=\"false\" data-particle-mobile-disabled=\"false\" class=\"elementor-element elementor-element-ed43464 e-con-full e-flex e-con e-child\" data-id=\"ed43464\" data-element_type=\"container\">\n\t\t<div data-particle_enable=\"false\" data-particle-mobile-disabled=\"false\" class=\"elementor-element elementor-element-12251b2 e-con-full e-flex e-con e-child\" data-id=\"12251b2\" data-element_type=\"container\">\n\t\t\t\t<div class=\"elementor-element elementor-element-faa78a7 elementor-widget elementor-widget-image\" data-id=\"faa78a7\" data-element_type=\"widget\" data-widget_type=\"image.default\">\n\t\t\t\t<div class=\"elementor-widget-container\">\n\t\t\t\t\t\t\t\t\t\t\t\t\t\t\t<img fetchpriority=\"high\" decoding=\"async\" width=\"800\" height=\"225\" src=\"https:\/\/dreamglass.co\/wp-content\/uploads\/2024\/10\/Asset-3.png\" class=\"attachment-large size-large wp-image-1273\" alt=\"\" srcset=\"https:\/\/dreamglass.co\/wp-content\/uploads\/2024\/10\/Asset-3.png 800w, https:\/\/dreamglass.co\/wp-content\/uploads\/2024\/10\/Asset-3-300x84.webp 300w, https:\/\/dreamglass.co\/wp-content\/uploads\/2024\/10\/Asset-3-768x216.webp 768w\" sizes=\"(max-width: 800px) 100vw, 800px\" \/>\t\t\t\t\t\t\t\t\t\t\t\t\t\t\t<\/div>\n\t\t\t\t<\/div>\n\t\t\t\t<\/div>\n\t\t<div data-particle_enable=\"false\" data-particle-mobile-disabled=\"false\" class=\"elementor-element elementor-element-0307c22 e-con-full e-flex e-con e-child\" data-id=\"0307c22\" data-element_type=\"container\">\n\t\t\t\t<div class=\"elementor-element elementor-element-d1a30b8 elementor-widget elementor-widget-image\" data-id=\"d1a30b8\" data-element_type=\"widget\" data-widget_type=\"image.default\">\n\t\t\t\t<div class=\"elementor-widget-container\">\n\t\t\t\t\t\t\t\t\t\t\t\t\t\t\t<img decoding=\"async\" width=\"800\" height=\"225\" src=\"https:\/\/dreamglass.co\/wp-content\/uploads\/2024\/10\/Asset-2.png\" class=\"attachment-large size-large wp-image-1279\" alt=\"\" srcset=\"https:\/\/dreamglass.co\/wp-content\/uploads\/2024\/10\/Asset-2.png 800w, https:\/\/dreamglass.co\/wp-content\/uploads\/2024\/10\/Asset-2-300x84.webp 300w, https:\/\/dreamglass.co\/wp-content\/uploads\/2024\/10\/Asset-2-768x216.webp 768w\" sizes=\"(max-width: 800px) 100vw, 800px\" \/>\t\t\t\t\t\t\t\t\t\t\t\t\t\t\t<\/div>\n\t\t\t\t<\/div>\n\t\t\t\t<\/div>\n\t\t\t\t<\/div>\n\t\t\t\t<\/div>\n\t\t\t\t<\/div>\n\t\t\t\t<\/div>\n\t\t\t\t<\/div>\n\t\t\t\t<\/div>\n\t\t<\/div>\n\t\t\t\t\t\t<\/div>\n\t\t\t\t<\/div>\n\t\t\t\t<\/div>\n\t\t\t\t<\/div>\n\t\t","protected":false},"excerpt":{"rendered":"<p>HAZTE SOCIO Las empresas pueden convertirse en socios oficiales que promocionan y\/o distribuyen los productos DreamGlass\u00ae. VENTAJAS DE TRABAJAR CON DGG El Grupo Dream Glass busca continuamente expandirse a nuevos mercados. Por eso ofrecemos distintas opciones para que socios y distribuidores trabajen con nosotros. Nuestros conocimientos t\u00e9cnicos son los mejores del sector. Esto significa que [&hellip;]<\/p>\n","protected":false},"author":2,"featured_media":0,"parent":0,"menu_order":0,"comment_status":"closed","ping_status":"closed","template":"elementor_header_footer","meta":{"_acf_changed":false,"content-type":"","footnotes":""},"class_list":["post-4319","page","type-page","status-publish","hentry"],"acf":[],"aioseo_notices":[],"featured_image_src":null,"featured_image_src_square":null,"_links":{"self":[{"href":"https:\/\/dreamglass.co\/es\/wp-json\/wp\/v2\/pages\/4319","targetHints":{"allow":["GET"]}}],"collection":[{"href":"https:\/\/dreamglass.co\/es\/wp-json\/wp\/v2\/pages"}],"about":[{"href":"https:\/\/dreamglass.co\/es\/wp-json\/wp\/v2\/types\/page"}],"author":[{"embeddable":true,"href":"https:\/\/dreamglass.co\/es\/wp-json\/wp\/v2\/users\/2"}],"replies":[{"embeddable":true,"href":"https:\/\/dreamglass.co\/es\/wp-json\/wp\/v2\/comments?post=4319"}],"version-history":[{"count":0,"href":"https:\/\/dreamglass.co\/es\/wp-json\/wp\/v2\/pages\/4319\/revisions"}],"wp:attachment":[{"href":"https:\/\/dreamglass.co\/es\/wp-json\/wp\/v2\/media?parent=4319"}],"curies":[{"name":"wp","href":"https:\/\/api.w.org\/{rel}","templated":true}]}}