{"id":4276,"date":"2024-11-29T06:31:12","date_gmt":"2024-11-29T06:31:12","guid":{"rendered":"https:\/\/dreamglass.co\/a-propos-de-nous\/notre-laboratoire\/"},"modified":"2025-11-16T05:55:44","modified_gmt":"2025-11-16T05:55:44","slug":"notre-laboratoire","status":"publish","type":"page","link":"https:\/\/dreamglass.co\/fr\/a-propos-de-nous\/notre-laboratoire\/","title":{"rendered":"Notre laboratoire"},"content":{"rendered":"\t\t<div data-elementor-type=\"wp-page\" data-elementor-id=\"4276\" class=\"elementor elementor-4276 elementor-570\" data-elementor-post-type=\"page\">\n\t\t\t\t<div data-particle_enable=\"false\" data-particle-mobile-disabled=\"false\" class=\"elementor-element elementor-element-3f25418 e-con-full e-flex e-con e-parent\" data-id=\"3f25418\" data-element_type=\"container\" data-settings=\"{&quot;background_background&quot;:&quot;classic&quot;}\">\n\t\t<div data-particle_enable=\"false\" data-particle-mobile-disabled=\"false\" class=\"elementor-element elementor-element-17af06a e-con-full e-flex e-con e-child\" data-id=\"17af06a\" data-element_type=\"container\">\n\t\t\t\t<div class=\"elementor-element elementor-element-8e6b67d elementor-widget elementor-widget-heading\" data-id=\"8e6b67d\" data-element_type=\"widget\" data-widget_type=\"heading.default\">\n\t\t\t\t<div class=\"elementor-widget-container\">\n\t\t\t\t\t<h1 class=\"elementor-heading-title elementor-size-default\">NOTRE LABORATOIRE<\/h1>\t\t\t\t<\/div>\n\t\t\t\t<\/div>\n\t\t\t\t<div class=\"elementor-element elementor-element-17e120c elementor-widget elementor-widget-text-editor\" data-id=\"17e120c\" data-element_type=\"widget\" data-widget_type=\"text-editor.default\">\n\t\t\t\t<div class=\"elementor-widget-container\">\n\t\t\t\t\t\t\t\t\t<p>Gr\u00e2ce \u00e0 notre propre laboratoire, les produits du groupe Dream Glass sont \u00e9quip\u00e9s des technologies les plus r\u00e9centes et les plus performantes en mati\u00e8re de verre de protection contre les regards indiscrets, et sont test\u00e9s pour r\u00e9pondre aux normes de qualit\u00e9 les plus strictes.<\/p>\t\t\t\t\t\t\t\t<\/div>\n\t\t\t\t<\/div>\n\t\t\t\t<\/div>\n\t\t\t\t<\/div>\n\t\t<div data-particle_enable=\"false\" data-particle-mobile-disabled=\"false\" class=\"elementor-element elementor-element-9e33033 e-con-full e-flex e-con e-parent\" data-id=\"9e33033\" data-element_type=\"container\">\n\t\t<div data-particle_enable=\"false\" data-particle-mobile-disabled=\"false\" class=\"elementor-element elementor-element-d6a6053 e-con-full e-flex e-con e-child\" data-id=\"d6a6053\" data-element_type=\"container\" data-settings=\"{&quot;background_background&quot;:&quot;classic&quot;}\">\n\t\t<div data-particle_enable=\"false\" data-particle-mobile-disabled=\"false\" class=\"elementor-element elementor-element-52f3c43 e-con-full e-flex e-con e-child\" data-id=\"52f3c43\" data-element_type=\"container\">\n\t\t\t\t<div class=\"elementor-element elementor-element-1c85cd3 elementor-widget elementor-widget-heading\" data-id=\"1c85cd3\" data-element_type=\"widget\" data-widget_type=\"heading.default\">\n\t\t\t\t<div class=\"elementor-widget-container\">\n\t\t\t\t\t<h4 class=\"elementor-heading-title elementor-size-default\">Pourquoi avoir son propre laboratoire ?<\/h4>\t\t\t\t<\/div>\n\t\t\t\t<\/div>\n\t\t\t\t<div class=\"elementor-element elementor-element-d87c030 elementor-widget elementor-widget-text-editor\" data-id=\"d87c030\" data-element_type=\"widget\" data-widget_type=\"text-editor.default\">\n\t\t\t\t<div class=\"elementor-widget-container\">\n\t\t\t\t\t\t\t\t\t<p>Le fait de disposer de notre propre laboratoire nous rend tout \u00e0 fait uniques dans notre secteur, ce qui nous permet de contr\u00f4ler l&rsquo;ensemble de la production et de la qualit\u00e9 de nos produits, depuis la technologie initiale jusqu&rsquo;\u00e0 la livraison finale du verre. En tant que fabricant et distributeur de nos produits, nous garantissons leur qualit\u00e9 et la satisfaction de nos clients. <\/p>\t\t\t\t\t\t\t\t<\/div>\n\t\t\t\t<\/div>\n\t\t\t\t<\/div>\n\t\t\t\t<\/div>\n\t\t<div data-particle_enable=\"false\" data-particle-mobile-disabled=\"false\" class=\"elementor-element elementor-element-ea8ba4f e-con-full e-flex e-con e-child\" data-id=\"ea8ba4f\" data-element_type=\"container\" data-settings=\"{&quot;background_background&quot;:&quot;classic&quot;}\">\n\t\t<div data-particle_enable=\"false\" data-particle-mobile-disabled=\"false\" class=\"elementor-element elementor-element-44bc844 e-con-full e-flex e-con e-child\" data-id=\"44bc844\" data-element_type=\"container\">\n\t\t\t\t<div class=\"elementor-element elementor-element-07532ec elementor-widget elementor-widget-heading\" data-id=\"07532ec\" data-element_type=\"widget\" data-widget_type=\"heading.default\">\n\t\t\t\t<div class=\"elementor-widget-container\">\n\t\t\t\t\t<h4 class=\"elementor-heading-title elementor-size-default\">Comprendre notre produit<\/h4>\t\t\t\t<\/div>\n\t\t\t\t<\/div>\n\t\t\t\t<div class=\"elementor-element elementor-element-d88f30d elementor-widget elementor-widget-text-editor\" data-id=\"d88f30d\" data-element_type=\"widget\" data-widget_type=\"text-editor.default\">\n\t\t\t\t<div class=\"elementor-widget-container\">\n\t\t\t\t\t\t\t\t\t<p>La plupart des entreprises de verre intelligent vendent simplement des produits qu&rsquo;elles ach\u00e8tent \u00e0 un autre fabricant. Chez Dream Glass Group, nous connaissons mieux la science qui sous-tend la cr\u00e9ation de la technologie du verre intelligent. Nous fabriquons notre propre film PDLC et contr\u00f4lons les caract\u00e9ristiques du produit (transparence, opacit\u00e9, voile, vitesses de commutation, niveaux d&rsquo;adh\u00e9sion et plus encore&#8230;).  <\/p>\t\t\t\t\t\t\t\t<\/div>\n\t\t\t\t<\/div>\n\t\t\t\t<\/div>\n\t\t\t\t<\/div>\n\t\t\t\t<\/div>\n\t\t<div data-particle_enable=\"false\" data-particle-mobile-disabled=\"false\" class=\"elementor-element elementor-element-beb56c1 e-con-full e-flex e-con e-parent\" data-id=\"beb56c1\" data-element_type=\"container\">\n\t\t<div data-particle_enable=\"false\" data-particle-mobile-disabled=\"false\" class=\"elementor-element elementor-element-816fea0 e-con-full e-flex e-con e-child\" data-id=\"816fea0\" data-element_type=\"container\" data-settings=\"{&quot;background_background&quot;:&quot;classic&quot;}\">\n\t\t<div data-particle_enable=\"false\" data-particle-mobile-disabled=\"false\" class=\"elementor-element elementor-element-8e668f6 e-con-full e-flex e-con e-child\" data-id=\"8e668f6\" data-element_type=\"container\">\n\t\t\t\t<div class=\"elementor-element elementor-element-27bd065 elementor-widget elementor-widget-heading\" data-id=\"27bd065\" data-element_type=\"widget\" data-widget_type=\"heading.default\">\n\t\t\t\t<div class=\"elementor-widget-container\">\n\t\t\t\t\t<h4 class=\"elementor-heading-title elementor-size-default\">Se tourner vers l'avenir<\/h4>\t\t\t\t<\/div>\n\t\t\t\t<\/div>\n\t\t\t\t<div class=\"elementor-element elementor-element-f4b27ab elementor-widget elementor-widget-text-editor\" data-id=\"f4b27ab\" data-element_type=\"widget\" data-widget_type=\"text-editor.default\">\n\t\t\t\t<div class=\"elementor-widget-container\">\n\t\t\t\t\t\t\t\t\t<p>Le fait de disposer de notre propre laboratoire nous permet non seulement de contr\u00f4ler tous les aspects de la cr\u00e9ation du verre jusqu&rsquo;\u00e0 son installation, mais aussi de travailler au d\u00e9veloppement de nouvelles technologies. Gr\u00e2ce \u00e0 notre laboratoire de R&amp;D, DGG a pu introduire de nouveaux produits innovants sur le march\u00e9 de la technologie du verre intelligent. <\/p>\t\t\t\t\t\t\t\t<\/div>\n\t\t\t\t<\/div>\n\t\t\t\t<\/div>\n\t\t\t\t<\/div>\n\t\t<div data-particle_enable=\"false\" data-particle-mobile-disabled=\"false\" class=\"elementor-element elementor-element-0d804db e-con-full e-flex e-con e-child\" data-id=\"0d804db\" data-element_type=\"container\" data-settings=\"{&quot;background_background&quot;:&quot;classic&quot;}\">\n\t\t<div data-particle_enable=\"false\" data-particle-mobile-disabled=\"false\" class=\"elementor-element elementor-element-9d435ac e-con-full e-flex e-con e-child\" data-id=\"9d435ac\" data-element_type=\"container\">\n\t\t\t\t<div class=\"elementor-element elementor-element-1903b11 elementor-widget elementor-widget-heading\" data-id=\"1903b11\" data-element_type=\"widget\" data-widget_type=\"heading.default\">\n\t\t\t\t<div class=\"elementor-widget-container\">\n\t\t\t\t\t<h4 class=\"elementor-heading-title elementor-size-default\">Garantir la s\u00e9curit\u00e9<\/h4>\t\t\t\t<\/div>\n\t\t\t\t<\/div>\n\t\t\t\t<div class=\"elementor-element elementor-element-7fcadff elementor-widget elementor-widget-text-editor\" data-id=\"7fcadff\" data-element_type=\"widget\" data-widget_type=\"text-editor.default\">\n\t\t\t\t<div class=\"elementor-widget-container\">\n\t\t\t\t\t\t\t\t\t<p>Les produits DreamGlass\u00ae sont test\u00e9s selon les normes de qualit\u00e9 les plus strictes, ce qui vous permet d&rsquo;\u00eatre s\u00fbr d&rsquo;obtenir le meilleur produit disponible. De plus, vous pouvez \u00eatre s\u00fbr que votre verre est s\u00fbr et durable pour de nombreuses ann\u00e9es. <\/p>\t\t\t\t\t\t\t\t<\/div>\n\t\t\t\t<\/div>\n\t\t\t\t<\/div>\n\t\t\t\t<\/div>\n\t\t\t\t<\/div>\n\t\t<div data-particle_enable=\"false\" data-particle-mobile-disabled=\"false\" class=\"elementor-element elementor-element-52c94b9 e-con-full e-flex e-con e-parent\" data-id=\"52c94b9\" data-element_type=\"container\">\n\t\t<div data-particle_enable=\"false\" data-particle-mobile-disabled=\"false\" class=\"elementor-element elementor-element-30accff e-con-full e-flex e-con e-child\" data-id=\"30accff\" data-element_type=\"container\" data-settings=\"{&quot;background_background&quot;:&quot;classic&quot;}\">\n\t\t<div data-particle_enable=\"false\" data-particle-mobile-disabled=\"false\" class=\"elementor-element elementor-element-b61555a e-con-full e-flex e-con e-child\" data-id=\"b61555a\" data-element_type=\"container\">\n\t\t\t\t<div class=\"elementor-element elementor-element-48e9819 elementor-widget elementor-widget-heading\" data-id=\"48e9819\" data-element_type=\"widget\" data-widget_type=\"heading.default\">\n\t\t\t\t<div class=\"elementor-widget-container\">\n\t\t\t\t\t<h4 class=\"elementor-heading-title elementor-size-default\">Explorer les nouvelles technologies de fen\u00eatres intelligentes<\/h4>\t\t\t\t<\/div>\n\t\t\t\t<\/div>\n\t\t\t\t<div class=\"elementor-element elementor-element-6de0352 elementor-widget elementor-widget-text-editor\" data-id=\"6de0352\" data-element_type=\"widget\" data-widget_type=\"text-editor.default\">\n\t\t\t\t<div class=\"elementor-widget-container\">\n\t\t\t\t\t\t\t\t\t<p>La soci\u00e9t\u00e9 m\u00e8re de DGG, Intercomet, explore de nouvelles technologies de fen\u00eatres intelligentes, y compris celles bas\u00e9es sur de nouveaux nanomat\u00e9riaux \u00ab\u00a0plasmochromiques\u00a0\u00bb avanc\u00e9s qui permettraient \u00e9galement un contr\u00f4le s\u00e9lectif de la transmission du rayonnement dans les r\u00e9gions visibles et infrarouges. Ce projet, en conjonction avec les capacit\u00e9s du centre technologique LEITAT, propose la r\u00e9alisation de modules \u00ab\u00a0plasmochromiques\u00a0\u00bb avec des caract\u00e9ristiques appropri\u00e9es [&#8230;] <\/p>\t\t\t\t\t\t\t\t<\/div>\n\t\t\t\t<\/div>\n\t\t\t\t<\/div>\n\t\t\t\t<\/div>\n\t\t<div data-particle_enable=\"false\" data-particle-mobile-disabled=\"false\" class=\"elementor-element elementor-element-a1c12f0 e-con-full e-flex e-con e-child\" data-id=\"a1c12f0\" data-element_type=\"container\">\n\t\t\t\t<\/div>\n\t\t\t\t<\/div>\n\t\t<div data-particle_enable=\"false\" data-particle-mobile-disabled=\"false\" class=\"elementor-element elementor-element-f41b390 e-con-full e-flex e-con e-parent\" data-id=\"f41b390\" data-element_type=\"container\">\n\t\t\t\t<div class=\"elementor-element elementor-element-d6e566b elementor-widget elementor-widget-shortcode\" data-id=\"d6e566b\" data-element_type=\"widget\" data-widget_type=\"shortcode.default\">\n\t\t\t\t<div class=\"elementor-widget-container\">\n\t\t\t\t\t\t\t<div class=\"elementor-shortcode\">\t\t<div data-elementor-type=\"section\" data-elementor-id=\"5107\" class=\"elementor elementor-5107 elementor-266\" data-elementor-post-type=\"elementor_library\">\n\t\t\t<div data-particle_enable=\"false\" data-particle-mobile-disabled=\"false\" class=\"elementor-element elementor-element-9628977 e-con-full e-flex e-con e-parent\" data-id=\"9628977\" data-element_type=\"container\">\n\t\t\t\t<div class=\"elementor-element elementor-element-2abd9ae elementor-widget elementor-widget-heading\" data-id=\"2abd9ae\" data-element_type=\"widget\" data-widget_type=\"heading.default\">\n\t\t\t\t<div class=\"elementor-widget-container\">\n\t\t\t\t\t<h3 class=\"elementor-heading-title elementor-size-default\">CONTACTEZ-NOUS POUR D\u00c9MARRER VOTRE PROJET<\/h3>\t\t\t\t<\/div>\n\t\t\t\t<\/div>\n\t\t\t\t<div class=\"elementor-element elementor-element-29cb8f2 elementor-widget elementor-widget-text-editor\" data-id=\"29cb8f2\" data-element_type=\"widget\" data-widget_type=\"text-editor.default\">\n\t\t\t\t<div class=\"elementor-widget-container\">\n\t\t\t\t\t\t\t\t\t<p>Nous trouverons une solution \u00e0 vos besoins en mati\u00e8re de vitres d&rsquo;intimit\u00e9. Nous offrons une qualit\u00e9 sup\u00e9rieure, un verre priv\u00e9 personnalisable et des d\u00e9lais de livraison courts &#8211; au juste prix. <\/p>\t\t\t\t\t\t\t\t<\/div>\n\t\t\t\t<\/div>\n\t\t\t\t<div class=\"elementor-element elementor-element-febf31f elementor-widget elementor-widget-button\" data-id=\"febf31f\" data-element_type=\"widget\" data-widget_type=\"button.default\">\n\t\t\t\t<div class=\"elementor-widget-container\">\n\t\t\t\t\t\t\t\t\t<div class=\"elementor-button-wrapper\">\n\t\t\t\t\t<a class=\"elementor-button elementor-button-link elementor-size-sm\" href=\"https:\/\/dreamglass.co\/fr\/contact-us\/\">\n\t\t\t\t\t\t<span class=\"elementor-button-content-wrapper\">\n\t\t\t\t\t\t\t\t\t<span class=\"elementor-button-text\">Contactez nous<\/span>\n\t\t\t\t\t<\/span>\n\t\t\t\t\t<\/a>\n\t\t\t\t<\/div>\n\t\t\t\t\t\t\t\t<\/div>\n\t\t\t\t<\/div>\n\t\t\t\t<\/div>\n\t\t\t\t<\/div>\n\t\t<\/div>\n\t\t\t\t\t\t<\/div>\n\t\t\t\t<\/div>\n\t\t\t\t<\/div>\n\t\t<div data-particle_enable=\"false\" data-particle-mobile-disabled=\"false\" class=\"elementor-element elementor-element-473e66e e-con-full e-flex e-con e-parent\" data-id=\"473e66e\" data-element_type=\"container\">\n\t\t\t\t<div class=\"elementor-element elementor-element-6522fca elementor-widget elementor-widget-shortcode\" data-id=\"6522fca\" data-element_type=\"widget\" data-widget_type=\"shortcode.default\">\n\t\t\t\t<div class=\"elementor-widget-container\">\n\t\t\t\t\t\t\t<div class=\"elementor-shortcode\">\t\t<div data-elementor-type=\"section\" data-elementor-id=\"5231\" class=\"elementor elementor-5231 elementor-60\" data-elementor-post-type=\"elementor_library\">\n\t\t\t<div data-particle_enable=\"false\" data-particle-mobile-disabled=\"false\" class=\"elementor-element elementor-element-ee7dc59 e-con-full e-flex e-con e-parent\" data-id=\"ee7dc59\" data-element_type=\"container\">\n\t\t<div data-particle_enable=\"false\" data-particle-mobile-disabled=\"false\" class=\"elementor-element elementor-element-f42b670 e-con-full elementor-hidden-desktop elementor-hidden-laptop e-flex e-con e-child\" data-id=\"f42b670\" data-element_type=\"container\">\n\t\t\t\t<div class=\"elementor-element elementor-element-845a286 elementor-widget elementor-widget-heading\" data-id=\"845a286\" data-element_type=\"widget\" data-widget_type=\"heading.default\">\n\t\t\t\t<div class=\"elementor-widget-container\">\n\t\t\t\t\t<h3 class=\"elementor-heading-title elementor-size-default\">NOUVELLE APPLICATION DREAMGLASS<\/h3>\t\t\t\t<\/div>\n\t\t\t\t<\/div>\n\t\t\t\t<div class=\"elementor-element elementor-element-0491d2e elementor-widget elementor-widget-text-editor\" data-id=\"0491d2e\" data-element_type=\"widget\" data-widget_type=\"text-editor.default\">\n\t\t\t\t<div class=\"elementor-widget-container\">\n\t\t\t\t\t\t\t\t\t<p>Nous sommes en train de d\u00e9velopper la nouvelle application DreamGlass\u00ae. Soyez en mesure de contr\u00f4ler tous vos panneaux \u00e0 partir de notre application. Bient\u00f4t disponible :  <\/p>\t\t\t\t\t\t\t\t<\/div>\n\t\t\t\t<\/div>\n\t\t<div data-particle_enable=\"false\" data-particle-mobile-disabled=\"false\" class=\"elementor-element elementor-element-9d24723 e-con-full e-flex e-con e-child\" data-id=\"9d24723\" data-element_type=\"container\">\n\t\t<div data-particle_enable=\"false\" data-particle-mobile-disabled=\"false\" class=\"elementor-element elementor-element-f8c4c4c e-con-full e-flex e-con e-child\" data-id=\"f8c4c4c\" data-element_type=\"container\">\n\t\t\t\t<div class=\"elementor-element elementor-element-c46a714 elementor-widget elementor-widget-image\" data-id=\"c46a714\" data-element_type=\"widget\" data-widget_type=\"image.default\">\n\t\t\t\t<div class=\"elementor-widget-container\">\n\t\t\t\t\t\t\t\t\t\t\t\t\t\t\t<img fetchpriority=\"high\" decoding=\"async\" width=\"800\" height=\"225\" src=\"https:\/\/dreamglass.co\/wp-content\/uploads\/2024\/10\/Asset-3.png\" class=\"attachment-large size-large wp-image-1269\" alt=\"\" srcset=\"https:\/\/dreamglass.co\/wp-content\/uploads\/2024\/10\/Asset-3.png 800w, https:\/\/dreamglass.co\/wp-content\/uploads\/2024\/10\/Asset-3-300x84.webp 300w, https:\/\/dreamglass.co\/wp-content\/uploads\/2024\/10\/Asset-3-768x216.webp 768w\" sizes=\"(max-width: 800px) 100vw, 800px\" \/>\t\t\t\t\t\t\t\t\t\t\t\t\t\t\t<\/div>\n\t\t\t\t<\/div>\n\t\t\t\t<\/div>\n\t\t<div data-particle_enable=\"false\" data-particle-mobile-disabled=\"false\" class=\"elementor-element elementor-element-e0d541b e-con-full e-flex e-con e-child\" data-id=\"e0d541b\" data-element_type=\"container\">\n\t\t\t\t<div class=\"elementor-element elementor-element-6c5d729 elementor-widget elementor-widget-image\" data-id=\"6c5d729\" data-element_type=\"widget\" data-widget_type=\"image.default\">\n\t\t\t\t<div class=\"elementor-widget-container\">\n\t\t\t\t\t\t\t\t\t\t\t\t\t\t\t<img decoding=\"async\" width=\"800\" height=\"225\" src=\"https:\/\/dreamglass.co\/wp-content\/uploads\/2024\/10\/Asset-2.png\" class=\"attachment-large size-large wp-image-1275\" alt=\"\" srcset=\"https:\/\/dreamglass.co\/wp-content\/uploads\/2024\/10\/Asset-2.png 800w, https:\/\/dreamglass.co\/wp-content\/uploads\/2024\/10\/Asset-2-300x84.webp 300w, https:\/\/dreamglass.co\/wp-content\/uploads\/2024\/10\/Asset-2-768x216.webp 768w\" sizes=\"(max-width: 800px) 100vw, 800px\" \/>\t\t\t\t\t\t\t\t\t\t\t\t\t\t\t<\/div>\n\t\t\t\t<\/div>\n\t\t\t\t<\/div>\n\t\t\t\t<\/div>\n\t\t\t\t<\/div>\n\t\t<div data-particle_enable=\"false\" data-particle-mobile-disabled=\"false\" class=\"elementor-element elementor-element-308b4ad e-con-full e-flex e-con e-child\" data-id=\"308b4ad\" data-element_type=\"container\" data-settings=\"{&quot;background_background&quot;:&quot;classic&quot;}\">\n\t\t<div data-particle_enable=\"false\" data-particle-mobile-disabled=\"false\" class=\"elementor-element elementor-element-b577663 e-con-full e-flex e-con e-child\" data-id=\"b577663\" data-element_type=\"container\">\n\t\t<div data-particle_enable=\"false\" data-particle-mobile-disabled=\"false\" class=\"elementor-element elementor-element-ad66093 e-con-full elementor-hidden-tablet elementor-hidden-mobile_extra elementor-hidden-mobile e-flex e-con e-child\" data-id=\"ad66093\" data-element_type=\"container\">\n\t\t\t\t<div class=\"elementor-element elementor-element-dd4902d elementor-widget elementor-widget-heading\" data-id=\"dd4902d\" data-element_type=\"widget\" data-widget_type=\"heading.default\">\n\t\t\t\t<div class=\"elementor-widget-container\">\n\t\t\t\t\t<h3 class=\"elementor-heading-title elementor-size-default\">NOUVELLE APPLICATION DREAMGLASS<\/h3>\t\t\t\t<\/div>\n\t\t\t\t<\/div>\n\t\t\t\t<div class=\"elementor-element elementor-element-e2deaab elementor-widget elementor-widget-text-editor\" data-id=\"e2deaab\" data-element_type=\"widget\" data-widget_type=\"text-editor.default\">\n\t\t\t\t<div class=\"elementor-widget-container\">\n\t\t\t\t\t\t\t\t\t<p>Nous sommes en train de d\u00e9velopper la nouvelle application DreamGlass\u00ae. Soyez en mesure de contr\u00f4ler tous vos panneaux \u00e0 partir de notre application. Bient\u00f4t disponible :  <\/p>\t\t\t\t\t\t\t\t<\/div>\n\t\t\t\t<\/div>\n\t\t<div data-particle_enable=\"false\" data-particle-mobile-disabled=\"false\" class=\"elementor-element elementor-element-ed43464 e-con-full e-flex e-con e-child\" data-id=\"ed43464\" data-element_type=\"container\">\n\t\t<div data-particle_enable=\"false\" data-particle-mobile-disabled=\"false\" class=\"elementor-element elementor-element-12251b2 e-con-full e-flex e-con e-child\" data-id=\"12251b2\" data-element_type=\"container\">\n\t\t\t\t<div class=\"elementor-element elementor-element-faa78a7 elementor-widget elementor-widget-image\" data-id=\"faa78a7\" data-element_type=\"widget\" data-widget_type=\"image.default\">\n\t\t\t\t<div class=\"elementor-widget-container\">\n\t\t\t\t\t\t\t\t\t\t\t\t\t\t\t<img fetchpriority=\"high\" decoding=\"async\" width=\"800\" height=\"225\" src=\"https:\/\/dreamglass.co\/wp-content\/uploads\/2024\/10\/Asset-3.png\" class=\"attachment-large size-large wp-image-1269\" alt=\"\" srcset=\"https:\/\/dreamglass.co\/wp-content\/uploads\/2024\/10\/Asset-3.png 800w, https:\/\/dreamglass.co\/wp-content\/uploads\/2024\/10\/Asset-3-300x84.webp 300w, https:\/\/dreamglass.co\/wp-content\/uploads\/2024\/10\/Asset-3-768x216.webp 768w\" sizes=\"(max-width: 800px) 100vw, 800px\" \/>\t\t\t\t\t\t\t\t\t\t\t\t\t\t\t<\/div>\n\t\t\t\t<\/div>\n\t\t\t\t<\/div>\n\t\t<div data-particle_enable=\"false\" data-particle-mobile-disabled=\"false\" class=\"elementor-element elementor-element-0307c22 e-con-full e-flex e-con e-child\" data-id=\"0307c22\" data-element_type=\"container\">\n\t\t\t\t<div class=\"elementor-element elementor-element-d1a30b8 elementor-widget elementor-widget-image\" data-id=\"d1a30b8\" data-element_type=\"widget\" data-widget_type=\"image.default\">\n\t\t\t\t<div class=\"elementor-widget-container\">\n\t\t\t\t\t\t\t\t\t\t\t\t\t\t\t<img decoding=\"async\" width=\"800\" height=\"225\" src=\"https:\/\/dreamglass.co\/wp-content\/uploads\/2024\/10\/Asset-2.png\" class=\"attachment-large size-large wp-image-1275\" alt=\"\" srcset=\"https:\/\/dreamglass.co\/wp-content\/uploads\/2024\/10\/Asset-2.png 800w, https:\/\/dreamglass.co\/wp-content\/uploads\/2024\/10\/Asset-2-300x84.webp 300w, https:\/\/dreamglass.co\/wp-content\/uploads\/2024\/10\/Asset-2-768x216.webp 768w\" sizes=\"(max-width: 800px) 100vw, 800px\" \/>\t\t\t\t\t\t\t\t\t\t\t\t\t\t\t<\/div>\n\t\t\t\t<\/div>\n\t\t\t\t<\/div>\n\t\t\t\t<\/div>\n\t\t\t\t<\/div>\n\t\t\t\t<\/div>\n\t\t\t\t<\/div>\n\t\t\t\t<\/div>\n\t\t\t\t<\/div>\n\t\t<\/div>\n\t\t\t\t\t\t<\/div>\n\t\t\t\t<\/div>\n\t\t\t\t<\/div>\n\t\t\t\t<\/div>\n\t\t","protected":false},"excerpt":{"rendered":"<p>NOTRE LABORATOIRE Gr\u00e2ce \u00e0 notre propre laboratoire, les produits du groupe Dream Glass sont \u00e9quip\u00e9s des technologies les plus r\u00e9centes et les plus performantes en mati\u00e8re de verre de protection contre les regards indiscrets, et sont test\u00e9s pour r\u00e9pondre aux normes de qualit\u00e9 les plus strictes. Pourquoi avoir son propre laboratoire ? Le fait de [&hellip;]<\/p>\n","protected":false},"author":2,"featured_media":0,"parent":4235,"menu_order":0,"comment_status":"closed","ping_status":"closed","template":"elementor_header_footer","meta":{"_acf_changed":false,"content-type":"","footnotes":""},"class_list":["post-4276","page","type-page","status-publish","hentry"],"acf":[],"aioseo_notices":[],"featured_image_src":null,"featured_image_src_square":null,"_links":{"self":[{"href":"https:\/\/dreamglass.co\/fr\/wp-json\/wp\/v2\/pages\/4276","targetHints":{"allow":["GET"]}}],"collection":[{"href":"https:\/\/dreamglass.co\/fr\/wp-json\/wp\/v2\/pages"}],"about":[{"href":"https:\/\/dreamglass.co\/fr\/wp-json\/wp\/v2\/types\/page"}],"author":[{"embeddable":true,"href":"https:\/\/dreamglass.co\/fr\/wp-json\/wp\/v2\/users\/2"}],"replies":[{"embeddable":true,"href":"https:\/\/dreamglass.co\/fr\/wp-json\/wp\/v2\/comments?post=4276"}],"version-history":[{"count":0,"href":"https:\/\/dreamglass.co\/fr\/wp-json\/wp\/v2\/pages\/4276\/revisions"}],"up":[{"embeddable":true,"href":"https:\/\/dreamglass.co\/fr\/wp-json\/wp\/v2\/pages\/4235"}],"wp:attachment":[{"href":"https:\/\/dreamglass.co\/fr\/wp-json\/wp\/v2\/media?parent=4276"}],"curies":[{"name":"wp","href":"https:\/\/api.w.org\/{rel}","templated":true}]}}